{"id":10309,"date":"2023-02-09T16:04:28","date_gmt":"2023-02-09T15:04:28","guid":{"rendered":"https:\/\/www.dream-digital.info\/civ\/?post_type=product&#038;p=10309"},"modified":"2023-03-22T16:30:58","modified_gmt":"2023-03-22T15:30:58","slug":"fip16plus-portable-dual-band-ip-phone-with-belt-clip","status":"publish","type":"product","link":"https:\/\/www.dream-digital.info\/civ\/produit\/fip16plus-portable-dual-band-ip-phone-with-belt-clip\/","title":{"rendered":"FIP16Plus Portable Dual-Band IP Phone with Belt Clip"},"content":{"rendered":"<p>&#8216;-2 lignes SIP<\/p>\n<p>&#8211; Voix HD<\/p>\n<p>&#8211; Wi-Fi double bande<\/p>\n<p>&#8211; Conf\u00e9rence \u00e0 6<\/p>\n<p>&#8211; Itin\u00e9rance rapide<\/p>\n<p>&#8211; Longue dur\u00e9e de vie de la batterie<\/p>\n","protected":false},"excerpt":{"rendered":"<p>FIP16Plus est un t\u00e9l\u00e9phone IP portable avec un clip de ceinture arri\u00e8re. Il est \u00e9quip\u00e9 d&#8217;un \u00e9cran LCD couleur 1,8&#8243; 128&#215;160 TN, prenant en charge 2 comptes SIP, le Wi-Fi 2,4 GHz et 5 GHz, une itin\u00e9rance rapide et une batterie haute capacit\u00e9 int\u00e9gr\u00e9e de 4 000 mA pour fournir 120 heures d&#8217;autonomie en veille et 12 heures de conversation. Les utilisateurs peuvent profiter d&#8217;appels vocaux HD et de fonctions d&#8217;appel riches m\u00eame lorsqu&#8217;ils se prom\u00e8nent dans les bureaux.<\/p>\n","protected":false},"featured_media":10388,"comment_status":"open","ping_status":"closed","template":"","meta":[],"product_brand":[],"product_cat":[52],"product_tag":[],"class_list":{"0":"post-10309","1":"product","2":"type-product","3":"status-publish","4":"has-post-thumbnail","6":"product_cat-flyingvoice","8":"first","9":"instock","10":"shipping-taxable","11":"purchasable","12":"product-type-simple"},"_links":{"self":[{"href":"https:\/\/www.dream-digital.info\/civ\/wp-json\/wp\/v2\/product\/10309","targetHints":{"allow":["GET"]}}],"collection":[{"href":"https:\/\/www.dream-digital.info\/civ\/wp-json\/wp\/v2\/product"}],"about":[{"href":"https:\/\/www.dream-digital.info\/civ\/wp-json\/wp\/v2\/types\/product"}],"replies":[{"embeddable":true,"href":"https:\/\/www.dream-digital.info\/civ\/wp-json\/wp\/v2\/comments?post=10309"}],"wp:featuredmedia":[{"embeddable":true,"href":"https:\/\/www.dream-digital.info\/civ\/wp-json\/wp\/v2\/media\/10388"}],"wp:attachment":[{"href":"https:\/\/www.dream-digital.info\/civ\/wp-json\/wp\/v2\/media?parent=10309"}],"wp:term":[{"taxonomy":"product_brand","embeddable":true,"href":"https:\/\/www.dream-digital.info\/civ\/wp-json\/wp\/v2\/product_brand?post=10309"},{"taxonomy":"product_cat","embeddable":true,"href":"https:\/\/www.dream-digital.info\/civ\/wp-json\/wp\/v2\/product_cat?post=10309"},{"taxonomy":"product_tag","embeddable":true,"href":"https:\/\/www.dream-digital.info\/civ\/wp-json\/wp\/v2\/product_tag?post=10309"}],"curies":[{"name":"wp","href":"https:\/\/api.w.org\/{rel}","templated":true}]}}