{"id":10308,"date":"2023-02-09T16:04:28","date_gmt":"2023-02-09T15:04:28","guid":{"rendered":"https:\/\/www.dream-digital.info\/civ\/?post_type=product&#038;p=10308"},"modified":"2023-04-13T15:38:21","modified_gmt":"2023-04-13T13:38:21","slug":"fip10-fip10p-entry-level-business-ip-phone","status":"publish","type":"product","link":"https:\/\/www.dream-digital.info\/civ\/produit\/fip10-fip10p-entry-level-business-ip-phone\/","title":{"rendered":"FIP10\/FIP10P Entry-level Business IP Phone"},"content":{"rendered":"<p>&#8216;- 2 lignes SIP<\/p>\n<p>&#8211; Voix HD<\/p>\n<p>&#8211; Wi-Fi 2,4 GHz<\/p>\n<p>&#8211; 2*10\/100M<\/p>\n<p>&#8211; Conf\u00e9rence \u00e0 6<\/p>\n<p>&#8211; PoE<\/p>\n<p>&nbsp;<\/p>\n","protected":false},"excerpt":{"rendered":"<p>FIP10 est un t\u00e9l\u00e9phone IP de bureau d&#8217;entr\u00e9e de gamme \u00e9quip\u00e9 d&#8217;un \u00e9cran matriciel 128 x 64 avec r\u00e9tro\u00e9clairage. Il prend en charge 2 comptes SIP, Wi-Fi 2.4G, deux ports 10\/100 Mbps, iPv4\/iPv6 et PoE int\u00e9gr\u00e9 (uniquement FIP10P). C&#8217;est un choix fiable pour les petites et moyennes entreprises qui ont besoin de fonctions VoIP de base.<\/p>\n","protected":false},"featured_media":10383,"comment_status":"open","ping_status":"closed","template":"","meta":[],"product_brand":[],"product_cat":[52],"product_tag":[],"class_list":{"0":"post-10308","1":"product","2":"type-product","3":"status-publish","4":"has-post-thumbnail","6":"product_cat-flyingvoice","8":"first","9":"instock","10":"shipping-taxable","11":"purchasable","12":"product-type-simple"},"_links":{"self":[{"href":"https:\/\/www.dream-digital.info\/civ\/wp-json\/wp\/v2\/product\/10308","targetHints":{"allow":["GET"]}}],"collection":[{"href":"https:\/\/www.dream-digital.info\/civ\/wp-json\/wp\/v2\/product"}],"about":[{"href":"https:\/\/www.dream-digital.info\/civ\/wp-json\/wp\/v2\/types\/product"}],"replies":[{"embeddable":true,"href":"https:\/\/www.dream-digital.info\/civ\/wp-json\/wp\/v2\/comments?post=10308"}],"wp:featuredmedia":[{"embeddable":true,"href":"https:\/\/www.dream-digital.info\/civ\/wp-json\/wp\/v2\/media\/10383"}],"wp:attachment":[{"href":"https:\/\/www.dream-digital.info\/civ\/wp-json\/wp\/v2\/media?parent=10308"}],"wp:term":[{"taxonomy":"product_brand","embeddable":true,"href":"https:\/\/www.dream-digital.info\/civ\/wp-json\/wp\/v2\/product_brand?post=10308"},{"taxonomy":"product_cat","embeddable":true,"href":"https:\/\/www.dream-digital.info\/civ\/wp-json\/wp\/v2\/product_cat?post=10308"},{"taxonomy":"product_tag","embeddable":true,"href":"https:\/\/www.dream-digital.info\/civ\/wp-json\/wp\/v2\/product_tag?post=10308"}],"curies":[{"name":"wp","href":"https:\/\/api.w.org\/{rel}","templated":true}]}}