{"id":10307,"date":"2023-02-09T16:04:27","date_gmt":"2023-02-09T15:04:27","guid":{"rendered":"https:\/\/www.dream-digital.info\/civ\/?post_type=product&#038;p=10307"},"modified":"2023-02-09T16:05:44","modified_gmt":"2023-02-09T15:05:44","slug":"fip11c-fip11cp-basic-business-color-screen-ip-phone","status":"publish","type":"product","link":"https:\/\/www.dream-digital.info\/civ\/produit\/fip11c-fip11cp-basic-business-color-screen-ip-phone\/","title":{"rendered":"FIP11C\/FIP11CP Basic Business Color Screen IP Phone"},"content":{"rendered":"<p>&#8216;- 3 lignes SIP<\/p>\n<p>&#8211; Voix HD<\/p>\n<p>&#8211; Wi-Fi 2,4 GHz<\/p>\n<p>&#8211; 2*10\/100M<\/p>\n<p>&#8211; Conf\u00e9rence \u00e0 6<\/p>\n<p>&#8211; PoE<\/p>\n","protected":false},"excerpt":{"rendered":"<p>FIP11C\/FIP11CP pr\u00e9sente une nouvelle conception d&#8217;interface utilisateur avec un \u00e9cran couleur LCD de 2,4 pouces avec r\u00e9tro\u00e9clairage. Il prend en charge 3 comptes SIP, Wi-Fi 2.4G, deux ports 10\/100 Mbps et IPv4\/IPv6. PoE int\u00e9gr\u00e9 (FIP11CP uniquement). \u00c9quip\u00e9 d&#8217;un combin\u00e9 HD et d&#8217;un haut-parleur HD, d\u00e9marrez la collaboration vocale HD plus facilement.<\/p>\n","protected":false},"featured_media":10378,"comment_status":"open","ping_status":"closed","template":"","meta":[],"product_brand":[],"product_cat":[52],"product_tag":[],"class_list":{"0":"post-10307","1":"product","2":"type-product","3":"status-publish","4":"has-post-thumbnail","6":"product_cat-flyingvoice","8":"first","9":"instock","10":"shipping-taxable","11":"purchasable","12":"product-type-simple"},"_links":{"self":[{"href":"https:\/\/www.dream-digital.info\/civ\/wp-json\/wp\/v2\/product\/10307","targetHints":{"allow":["GET"]}}],"collection":[{"href":"https:\/\/www.dream-digital.info\/civ\/wp-json\/wp\/v2\/product"}],"about":[{"href":"https:\/\/www.dream-digital.info\/civ\/wp-json\/wp\/v2\/types\/product"}],"replies":[{"embeddable":true,"href":"https:\/\/www.dream-digital.info\/civ\/wp-json\/wp\/v2\/comments?post=10307"}],"wp:featuredmedia":[{"embeddable":true,"href":"https:\/\/www.dream-digital.info\/civ\/wp-json\/wp\/v2\/media\/10378"}],"wp:attachment":[{"href":"https:\/\/www.dream-digital.info\/civ\/wp-json\/wp\/v2\/media?parent=10307"}],"wp:term":[{"taxonomy":"product_brand","embeddable":true,"href":"https:\/\/www.dream-digital.info\/civ\/wp-json\/wp\/v2\/product_brand?post=10307"},{"taxonomy":"product_cat","embeddable":true,"href":"https:\/\/www.dream-digital.info\/civ\/wp-json\/wp\/v2\/product_cat?post=10307"},{"taxonomy":"product_tag","embeddable":true,"href":"https:\/\/www.dream-digital.info\/civ\/wp-json\/wp\/v2\/product_tag?post=10307"}],"curies":[{"name":"wp","href":"https:\/\/api.w.org\/{rel}","templated":true}]}}