{"id":10306,"date":"2023-02-09T16:04:27","date_gmt":"2023-02-09T15:04:27","guid":{"rendered":"https:\/\/www.dream-digital.info\/civ\/?post_type=product&#038;p=10306"},"modified":"2023-02-09T16:05:42","modified_gmt":"2023-02-09T15:05:42","slug":"fip13g-advanced-business-gigabit-color-screen-ip-phone","status":"publish","type":"product","link":"https:\/\/www.dream-digital.info\/civ\/produit\/fip13g-advanced-business-gigabit-color-screen-ip-phone\/","title":{"rendered":"FIP13G Advanced Business Gigabit Color Screen IP Phone"},"content":{"rendered":"<p>&#8216;- 4 lignes SIP<\/p>\n<p>&#8211; Voix HD<\/p>\n<p>&#8211; Wi-Fi 2,4 GHz<\/p>\n<p>&#8211; 2*10\/100\/1000M<\/p>\n<p>&#8211; Conf\u00e9rence \u00e0 6<\/p>\n<p>&#8211; PoE<\/p>\n<p>&nbsp;<\/p>\n","protected":false},"excerpt":{"rendered":"<p>FIP13G est un t\u00e9l\u00e9phone IP GigaE \u00e0 4 lignes sp\u00e9cialement con\u00e7u pour les employ\u00e9s de bureau. \u00c9quip\u00e9 d&#8217;un \u00e9cran couleur de 2,8 pouces, de deux ports Ethernet Gigabit, d&#8217;un port USB 2.0 et d&#8217;un port RJ9, d&#8217;un PoE int\u00e9gr\u00e9 et d&#8217;un Wi-Fi 2,4G qui r\u00e9pondent \u00e0 vos diff\u00e9rents besoins.<\/p>\n","protected":false},"featured_media":10373,"comment_status":"open","ping_status":"closed","template":"","meta":[],"product_brand":[],"product_cat":[52],"product_tag":[],"class_list":{"0":"post-10306","1":"product","2":"type-product","3":"status-publish","4":"has-post-thumbnail","6":"product_cat-flyingvoice","8":"first","9":"instock","10":"shipping-taxable","11":"purchasable","12":"product-type-simple"},"_links":{"self":[{"href":"https:\/\/www.dream-digital.info\/civ\/wp-json\/wp\/v2\/product\/10306","targetHints":{"allow":["GET"]}}],"collection":[{"href":"https:\/\/www.dream-digital.info\/civ\/wp-json\/wp\/v2\/product"}],"about":[{"href":"https:\/\/www.dream-digital.info\/civ\/wp-json\/wp\/v2\/types\/product"}],"replies":[{"embeddable":true,"href":"https:\/\/www.dream-digital.info\/civ\/wp-json\/wp\/v2\/comments?post=10306"}],"wp:featuredmedia":[{"embeddable":true,"href":"https:\/\/www.dream-digital.info\/civ\/wp-json\/wp\/v2\/media\/10373"}],"wp:attachment":[{"href":"https:\/\/www.dream-digital.info\/civ\/wp-json\/wp\/v2\/media?parent=10306"}],"wp:term":[{"taxonomy":"product_brand","embeddable":true,"href":"https:\/\/www.dream-digital.info\/civ\/wp-json\/wp\/v2\/product_brand?post=10306"},{"taxonomy":"product_cat","embeddable":true,"href":"https:\/\/www.dream-digital.info\/civ\/wp-json\/wp\/v2\/product_cat?post=10306"},{"taxonomy":"product_tag","embeddable":true,"href":"https:\/\/www.dream-digital.info\/civ\/wp-json\/wp\/v2\/product_tag?post=10306"}],"curies":[{"name":"wp","href":"https:\/\/api.w.org\/{rel}","templated":true}]}}