{"id":10304,"date":"2023-02-09T16:04:27","date_gmt":"2023-02-09T15:04:27","guid":{"rendered":"https:\/\/www.dream-digital.info\/civ\/?post_type=product&#038;p=10304"},"modified":"2023-02-09T16:05:38","modified_gmt":"2023-02-09T15:05:38","slug":"openvox-uc500-ippbx","status":"publish","type":"product","link":"https:\/\/www.dream-digital.info\/civ\/produit\/openvox-uc500-ippbx\/","title":{"rendered":"OpenVox UC500 IPPBX"},"content":{"rendered":"<p>PABX<\/p>\n<p>&#8211; Extensions d&#8217;importation\/exportation<\/p>\n<p>&#8211; Transfert d&#8217;appel<\/p>\n<p>&#8211; Suivez-moi\/groupe de sonnerie\/file d&#8217;attente<\/p>\n<p>&#8211; Provisionnement automatique rapide des t\u00e9l\u00e9phones IP<\/p>\n<p>-Soutien IMS<\/p>\n<p>&#8211; Itin\u00e9raire entrant\/sortant flexible<\/p>\n<p>&#8211; Liste noire<\/p>\n<p>&#8211; AutoCLIP<\/p>\n<p>&#8211; Condition de temps<\/p>\n<p>&#8211; Liste des broches<\/p>\n<p>&#8211; Attendant automatis\u00e9 (IVR)<\/p>\n<p>&#8211;\u00a0 Annuaire<\/p>\n<p>&#8211; Service LDAP<\/p>\n<p>&#8211;\u00a0 \u00a0Service de r\u00e9veil<\/p>\n<p>&#8211; DISA (acc\u00e8s direct au syst\u00e8me)<\/p>\n<p>&#8211;\u00a0 \u00a0Conf\u00e9rence<\/p>\n<p>&#8211;\u00a0 Rappeler<\/p>\n<p>&#8211; Stationnement d&#8217;appel<\/p>\n<p>&#8211; Radiomessagerie et Interphone<\/p>\n<p>&#8211;\u00a0 Num\u00e9rotation rapide<\/p>\n<p>&#8211;\u00a0 Enregistrement d&#8217;appel<\/p>\n<p>&#8211;\u00a0 \u00a0Musique en attente<\/p>\n<p>&#8211; Prise en charge du protocole Open API (bas\u00e9 sur Asterisk)<\/p>\n<p>&#8211; Click2call<\/p>\n<p>&#8211; Prise en charge WebRTC<\/p>\n<p>&#8211; Interface de contr\u00f4le d&#8217;acc\u00e8s bas\u00e9e sur ACL<\/p>\n<p>&#8211; AI TTS<\/p>\n<p>&#8211; Messagerie instantan\u00e9e SIP<\/p>\n","protected":false},"excerpt":{"rendered":"<p>IPPBX avec 4-8 interfaces analogiques\u00a0;<\/p>\n<p>Jusqu&#8217;\u00e0 800 registres d&#8217;extension\u00a0;<\/p>\n<p>Jusqu&#8217;\u00e0 300 appels simultan\u00e9s avec le codec G.711.<\/p>\n","protected":false},"featured_media":10363,"comment_status":"open","ping_status":"closed","template":"","meta":[],"product_brand":[],"product_cat":[51],"product_tag":[],"class_list":{"0":"post-10304","1":"product","2":"type-product","3":"status-publish","4":"has-post-thumbnail","6":"product_cat-openvox","8":"first","9":"instock","10":"shipping-taxable","11":"purchasable","12":"product-type-simple"},"_links":{"self":[{"href":"https:\/\/www.dream-digital.info\/civ\/wp-json\/wp\/v2\/product\/10304","targetHints":{"allow":["GET"]}}],"collection":[{"href":"https:\/\/www.dream-digital.info\/civ\/wp-json\/wp\/v2\/product"}],"about":[{"href":"https:\/\/www.dream-digital.info\/civ\/wp-json\/wp\/v2\/types\/product"}],"replies":[{"embeddable":true,"href":"https:\/\/www.dream-digital.info\/civ\/wp-json\/wp\/v2\/comments?post=10304"}],"wp:featuredmedia":[{"embeddable":true,"href":"https:\/\/www.dream-digital.info\/civ\/wp-json\/wp\/v2\/media\/10363"}],"wp:attachment":[{"href":"https:\/\/www.dream-digital.info\/civ\/wp-json\/wp\/v2\/media?parent=10304"}],"wp:term":[{"taxonomy":"product_brand","embeddable":true,"href":"https:\/\/www.dream-digital.info\/civ\/wp-json\/wp\/v2\/product_brand?post=10304"},{"taxonomy":"product_cat","embeddable":true,"href":"https:\/\/www.dream-digital.info\/civ\/wp-json\/wp\/v2\/product_cat?post=10304"},{"taxonomy":"product_tag","embeddable":true,"href":"https:\/\/www.dream-digital.info\/civ\/wp-json\/wp\/v2\/product_tag?post=10304"}],"curies":[{"name":"wp","href":"https:\/\/api.w.org\/{rel}","templated":true}]}}