{"id":10303,"date":"2023-02-09T16:04:27","date_gmt":"2023-02-09T15:04:27","guid":{"rendered":"https:\/\/www.dream-digital.info\/civ\/?post_type=product&#038;p=10303"},"modified":"2023-02-09T16:05:36","modified_gmt":"2023-02-09T15:05:36","slug":"h5w-wifi-ip-phone","status":"publish","type":"product","link":"https:\/\/www.dream-digital.info\/civ\/produit\/h5w-wifi-ip-phone\/","title":{"rendered":"H5W WiFi IP Phone"},"content":{"rendered":"<p>&#8211; Noir et blanc<\/p>\n<p>&#8211; Wi-Fi 2.4G int\u00e9gr\u00e9<\/p>\n<p>&#8211; Prise en charge du d\u00e9codage vid\u00e9o H.264<\/p>\n<p>&#8211; \u00c9cran couleur de 3,5 pouces<\/p>\n<p>&#8211; Audio HD avec G.722 et Opus<\/p>\n<p>&#8211; 2 lignes SIP<\/p>\n<p>&#8211; 1 port USB pour le chargement du t\u00e9l\u00e9phone<\/p>\n<p>&#8211; 6 touches programmables pour les fonctions de num\u00e9rotation rapide<\/p>\n<p>&#8211; Prise en charge PoE<\/p>\n","protected":false},"excerpt":{"rendered":"<p>En tant que t\u00e9l\u00e9phone IP WiFi avec audio HD, le Fanvil H5W peut vous offrir une exp\u00e9rience de communication plus fluide avec un son HD et aucun probl\u00e8me de c\u00e2blage. Le Fanvil H5W prend en charge le d\u00e9codage vid\u00e9o H.264 pour aider les propri\u00e9taires \u00e0 visualiser l&#8217;image vid\u00e9o avant d&#8217;ouvrir la porte. Plus qu&#8217;un t\u00e9l\u00e9phone IP d&#8217;h\u00f4tel, il convient \u00e9galement au supermarch\u00e9, \u00e0 l&#8217;h\u00f4pital, au centre commercial, etc.<\/p>\n","protected":false},"featured_media":10358,"comment_status":"open","ping_status":"closed","template":"","meta":[],"product_brand":[],"product_cat":[47],"product_tag":[],"class_list":{"0":"post-10303","1":"product","2":"type-product","3":"status-publish","4":"has-post-thumbnail","6":"product_cat-fanvil","8":"first","9":"instock","10":"shipping-taxable","11":"purchasable","12":"product-type-simple"},"_links":{"self":[{"href":"https:\/\/www.dream-digital.info\/civ\/wp-json\/wp\/v2\/product\/10303","targetHints":{"allow":["GET"]}}],"collection":[{"href":"https:\/\/www.dream-digital.info\/civ\/wp-json\/wp\/v2\/product"}],"about":[{"href":"https:\/\/www.dream-digital.info\/civ\/wp-json\/wp\/v2\/types\/product"}],"replies":[{"embeddable":true,"href":"https:\/\/www.dream-digital.info\/civ\/wp-json\/wp\/v2\/comments?post=10303"}],"wp:featuredmedia":[{"embeddable":true,"href":"https:\/\/www.dream-digital.info\/civ\/wp-json\/wp\/v2\/media\/10358"}],"wp:attachment":[{"href":"https:\/\/www.dream-digital.info\/civ\/wp-json\/wp\/v2\/media?parent=10303"}],"wp:term":[{"taxonomy":"product_brand","embeddable":true,"href":"https:\/\/www.dream-digital.info\/civ\/wp-json\/wp\/v2\/product_brand?post=10303"},{"taxonomy":"product_cat","embeddable":true,"href":"https:\/\/www.dream-digital.info\/civ\/wp-json\/wp\/v2\/product_cat?post=10303"},{"taxonomy":"product_tag","embeddable":true,"href":"https:\/\/www.dream-digital.info\/civ\/wp-json\/wp\/v2\/product_tag?post=10303"}],"curies":[{"name":"wp","href":"https:\/\/api.w.org\/{rel}","templated":true}]}}