{"id":10302,"date":"2023-02-09T16:04:27","date_gmt":"2023-02-09T15:04:27","guid":{"rendered":"https:\/\/www.dream-digital.info\/civ\/?post_type=product&#038;p=10302"},"modified":"2023-02-09T16:05:32","modified_gmt":"2023-02-09T15:05:32","slug":"x6u-high-end-ip-phone","status":"publish","type":"product","link":"https:\/\/www.dream-digital.info\/civ\/produit\/x6u-high-end-ip-phone\/","title":{"rendered":"X6U High-end IP Phone"},"content":{"rendered":"<p>&#8211; Codec large bande G.722 et Opus<\/p>\n<p>&#8211; \u00c9cran couleur 4,3 pouces 480 x 272 pixels<\/p>\n<p>&#8211; Deux \u00e9crans lat\u00e9raux couleur de 2,4 pouces 320 x 240 pixels<\/p>\n<p>&#8211; 20 lignes SIP<\/p>\n<p>&#8211; 60 touches DSS, 5 touches de ligne avec lumi\u00e8re LED<\/p>\n<p>&#8211; Double port Gigabit, PoE int\u00e9gr\u00e9<\/p>\n<p>&#8211; La premi\u00e8re version prend en charge Bluetooth 2.1<\/p>\n<p>&#8211; Prise en charge du casque sans fil EHS<\/p>\n<p>&#8211; Prise en charge du Wi-Fi via une cl\u00e9 Wi-Fi<\/p>\n<p>&#8211; Prise en charge du protocole IPv4, IPv6<\/p>\n<p>&#8211; La premi\u00e8re version prend en charge la conf\u00e9rence \u00e0 3 voies, la version V2 prend en charge la conf\u00e9rence \u00e0 6 voies<\/p>\n","protected":false},"excerpt":{"rendered":"<p>Dot\u00e9 de trois \u00e9crans couleur, de touches de ligne nouvellement ajout\u00e9es avec lumi\u00e8re LED et Bluetooth int\u00e9gr\u00e9, le Fanvil X6U offre un acc\u00e8s direct aux instructions, visant \u00e0 offrir une plus grande flexibilit\u00e9, productivit\u00e9, pour d\u00e9passer les diff\u00e9rentes exigences des entreprises. Le codec large bande de G.722 et Opus dans cet appareil vous offre une exp\u00e9rience audio HD immersive \u00e0 la fois en bande haute et en bande basse avec le r\u00e9seau.<\/p>\n","protected":false},"featured_media":10354,"comment_status":"open","ping_status":"closed","template":"","meta":[],"product_brand":[],"product_cat":[47],"product_tag":[],"class_list":{"0":"post-10302","1":"product","2":"type-product","3":"status-publish","4":"has-post-thumbnail","6":"product_cat-fanvil","8":"first","9":"instock","10":"shipping-taxable","11":"purchasable","12":"product-type-simple"},"_links":{"self":[{"href":"https:\/\/www.dream-digital.info\/civ\/wp-json\/wp\/v2\/product\/10302","targetHints":{"allow":["GET"]}}],"collection":[{"href":"https:\/\/www.dream-digital.info\/civ\/wp-json\/wp\/v2\/product"}],"about":[{"href":"https:\/\/www.dream-digital.info\/civ\/wp-json\/wp\/v2\/types\/product"}],"replies":[{"embeddable":true,"href":"https:\/\/www.dream-digital.info\/civ\/wp-json\/wp\/v2\/comments?post=10302"}],"wp:featuredmedia":[{"embeddable":true,"href":"https:\/\/www.dream-digital.info\/civ\/wp-json\/wp\/v2\/media\/10354"}],"wp:attachment":[{"href":"https:\/\/www.dream-digital.info\/civ\/wp-json\/wp\/v2\/media?parent=10302"}],"wp:term":[{"taxonomy":"product_brand","embeddable":true,"href":"https:\/\/www.dream-digital.info\/civ\/wp-json\/wp\/v2\/product_brand?post=10302"},{"taxonomy":"product_cat","embeddable":true,"href":"https:\/\/www.dream-digital.info\/civ\/wp-json\/wp\/v2\/product_cat?post=10302"},{"taxonomy":"product_tag","embeddable":true,"href":"https:\/\/www.dream-digital.info\/civ\/wp-json\/wp\/v2\/product_tag?post=10302"}],"curies":[{"name":"wp","href":"https:\/\/api.w.org\/{rel}","templated":true}]}}