{"id":10299,"date":"2023-02-09T16:04:27","date_gmt":"2023-02-09T15:04:27","guid":{"rendered":"https:\/\/www.dream-digital.info\/civ\/?post_type=product&#038;p=10299"},"modified":"2023-02-09T16:05:11","modified_gmt":"2023-02-09T15:05:11","slug":"x3sw-wifi-phone","status":"publish","type":"product","link":"https:\/\/www.dream-digital.info\/civ\/produit\/x3sw-wifi-phone\/","title":{"rendered":"X3SW WiFi Phone"},"content":{"rendered":"<p>&#8211; 4 lignes SIP<\/p>\n<p>&#8211; Wi-Fi 2,4 GHz int\u00e9gr\u00e9<\/p>\n<p>&#8211; \u00c9cran couleur principal de 2,4 pouces<\/p>\n<p>&#8211; Audio HD sur haut-parleur et combin\u00e9<\/p>\n<p>&#8211; Prise en charge du casque sans fil EHS<\/p>\n<p>&#8211; Prise en charge de la conf\u00e9rence locale \u00e0 6 voies<\/p>\n<p>&#8211; Support avec 2 angles r\u00e9glables de 45 et 50 degr\u00e9s<\/p>\n","protected":false},"excerpt":{"rendered":"<p>X3SW est un t\u00e9l\u00e9phone WiFi \u00e0 \u00e9cran couleur de 2,4 pouces, r\u00e9alisant l&#8217;activit\u00e9 sans fil et am\u00e9liorant l&#8217;efficacit\u00e9 de la collaboration. Avec l&#8217;audio HD, le WiFi 2.4G int\u00e9gr\u00e9, la conf\u00e9rence audio \u00e0 6 voies, il convient \u00e0 plusieurs sc\u00e9narios d&#8217;entreprise, offrant une exp\u00e9rience de haute qualit\u00e9 et facile \u00e0 utiliser pour les utilisateurs.<\/p>\n","protected":false},"featured_media":10342,"comment_status":"open","ping_status":"closed","template":"","meta":[],"product_brand":[],"product_cat":[47],"product_tag":[],"class_list":{"0":"post-10299","1":"product","2":"type-product","3":"status-publish","4":"has-post-thumbnail","6":"product_cat-fanvil","8":"first","9":"instock","10":"shipping-taxable","11":"purchasable","12":"product-type-simple"},"_links":{"self":[{"href":"https:\/\/www.dream-digital.info\/civ\/wp-json\/wp\/v2\/product\/10299","targetHints":{"allow":["GET"]}}],"collection":[{"href":"https:\/\/www.dream-digital.info\/civ\/wp-json\/wp\/v2\/product"}],"about":[{"href":"https:\/\/www.dream-digital.info\/civ\/wp-json\/wp\/v2\/types\/product"}],"replies":[{"embeddable":true,"href":"https:\/\/www.dream-digital.info\/civ\/wp-json\/wp\/v2\/comments?post=10299"}],"wp:featuredmedia":[{"embeddable":true,"href":"https:\/\/www.dream-digital.info\/civ\/wp-json\/wp\/v2\/media\/10342"}],"wp:attachment":[{"href":"https:\/\/www.dream-digital.info\/civ\/wp-json\/wp\/v2\/media?parent=10299"}],"wp:term":[{"taxonomy":"product_brand","embeddable":true,"href":"https:\/\/www.dream-digital.info\/civ\/wp-json\/wp\/v2\/product_brand?post=10299"},{"taxonomy":"product_cat","embeddable":true,"href":"https:\/\/www.dream-digital.info\/civ\/wp-json\/wp\/v2\/product_cat?post=10299"},{"taxonomy":"product_tag","embeddable":true,"href":"https:\/\/www.dream-digital.info\/civ\/wp-json\/wp\/v2\/product_tag?post=10299"}],"curies":[{"name":"wp","href":"https:\/\/api.w.org\/{rel}","templated":true}]}}