{"id":10297,"date":"2023-02-09T16:04:27","date_gmt":"2023-02-09T15:04:27","guid":{"rendered":"https:\/\/www.dream-digital.info\/civ\/?post_type=product&#038;p=10297"},"modified":"2023-02-09T16:05:05","modified_gmt":"2023-02-09T15:05:05","slug":"wf20-usb-wi-fi-dongle","status":"publish","type":"product","link":"https:\/\/www.dream-digital.info\/civ\/produit\/wf20-usb-wi-fi-dongle\/","title":{"rendered":"WF20 USB Wi-Fi Dongle"},"content":{"rendered":"<p>&#8211; Compatible with all Fanvil IP phones which support WiFi connectivity via WiFi dongle (Only support 2.4GHz\/150Mbps)<br \/>&#8211; WF20 is compliant with the IEEE802.11n, IEEE802.11b\/g, and 802.11ac standards, maximizing reliability and throughput<br \/>&#8211; Ease-of-use<br \/>&#8211; High Transmission Rate<br \/>&#8211; Plug and Play<br \/>&#8211; Lower Power Consumption<\/p>\n","protected":false},"excerpt":{"rendered":"<p>Le dongle Wi-Fi USB WF20 est un dispositif compact et \u00e0 faible consommation d&#8217;\u00e9nergie qui peut \u00eatre mis en \u0153uvre dans les bureaux pour connecter leurs t\u00e9l\u00e9phones IP aux r\u00e9seaux sans fil disponibles. Pris en charge par un d\u00e9bit de transmission puissant de 150 Mbps, ce p\u00e9riph\u00e9rique USB dynamique de style plug-and-play est capable d&#8217;\u00e9tablir rapidement et de mani\u00e8re fiable une connectivit\u00e9 Wi-Fi afin que les utilisateurs puissent communiquer, collaborer, acc\u00e9der aux documents et ressources pertinents, etc.<\/p>\n","protected":false},"featured_media":10335,"comment_status":"open","ping_status":"closed","template":"","meta":[],"product_brand":[],"product_cat":[49],"product_tag":[],"class_list":{"0":"post-10297","1":"product","2":"type-product","3":"status-publish","4":"has-post-thumbnail","6":"product_cat-adaptateur-wifi-usb","8":"first","9":"instock","10":"shipping-taxable","11":"purchasable","12":"product-type-simple"},"_links":{"self":[{"href":"https:\/\/www.dream-digital.info\/civ\/wp-json\/wp\/v2\/product\/10297","targetHints":{"allow":["GET"]}}],"collection":[{"href":"https:\/\/www.dream-digital.info\/civ\/wp-json\/wp\/v2\/product"}],"about":[{"href":"https:\/\/www.dream-digital.info\/civ\/wp-json\/wp\/v2\/types\/product"}],"replies":[{"embeddable":true,"href":"https:\/\/www.dream-digital.info\/civ\/wp-json\/wp\/v2\/comments?post=10297"}],"wp:featuredmedia":[{"embeddable":true,"href":"https:\/\/www.dream-digital.info\/civ\/wp-json\/wp\/v2\/media\/10335"}],"wp:attachment":[{"href":"https:\/\/www.dream-digital.info\/civ\/wp-json\/wp\/v2\/media?parent=10297"}],"wp:term":[{"taxonomy":"product_brand","embeddable":true,"href":"https:\/\/www.dream-digital.info\/civ\/wp-json\/wp\/v2\/product_brand?post=10297"},{"taxonomy":"product_cat","embeddable":true,"href":"https:\/\/www.dream-digital.info\/civ\/wp-json\/wp\/v2\/product_cat?post=10297"},{"taxonomy":"product_tag","embeddable":true,"href":"https:\/\/www.dream-digital.info\/civ\/wp-json\/wp\/v2\/product_tag?post=10297"}],"curies":[{"name":"wp","href":"https:\/\/api.w.org\/{rel}","templated":true}]}}