{"id":10296,"date":"2023-02-09T16:04:26","date_gmt":"2023-02-09T15:04:26","guid":{"rendered":"https:\/\/www.dream-digital.info\/civ\/?post_type=product&#038;p=10296"},"modified":"2023-02-09T16:05:04","modified_gmt":"2023-02-09T15:05:04","slug":"x1s-x1sp-enterprise-ip-phone","status":"publish","type":"product","link":"https:\/\/www.dream-digital.info\/civ\/produit\/x1s-x1sp-enterprise-ip-phone\/","title":{"rendered":"X1S\/X1SP Enterprise IP Phone"},"content":{"rendered":"<p><\/p>\n<p>T\u00e9l\u00e9phone IP Entreprise Fanvil X1S\/X1SP<\/p>\n<p>&#8211; Affichage matriciel 128*48 avec r\u00e9tro\u00e9clairage<br \/>&#8211; Audio HD avec G.722 et Opus<br \/>&#8211; Nouvelle touche de r\u00e9pertoire\/message vocal augment\u00e9e, 2 touches de ligne avec lumi\u00e8re LED<br \/>&#8211; 2 comptes SIP<br \/>&#8211; Prise en charge du casque sans fil EHS<br \/>&#8211; Prise en charge du protocole IPv4, IPv6<br \/>&#8211; PoE int\u00e9gr\u00e9 (uniquement X1SP)<\/p>\n","protected":false},"excerpt":{"rendered":"<p>Fanvil X1S\/X1SP pr\u00e9sente une toute nouvelle apparence \u00e9l\u00e9gante avec un \u00e9cran r\u00e9tro\u00e9clair\u00e9 clair et des touches de ligne nouvellement ajout\u00e9es avec lumi\u00e8re LED, offrant un acc\u00e8s plus facile aux op\u00e9rations pour les utilisateurs. Le casque sans fil EHS pris en charge et l&#8217;audio HD am\u00e9lior\u00e9 avec le codec large bande G.722 et Opus font de ce t\u00e9l\u00e9phone un outil professionnel efficace au bureau.<\/p>\n","protected":false},"featured_media":10331,"comment_status":"open","ping_status":"closed","template":"","meta":[],"product_brand":[],"product_cat":[47],"product_tag":[],"class_list":{"0":"post-10296","1":"product","2":"type-product","3":"status-publish","4":"has-post-thumbnail","6":"product_cat-fanvil","8":"first","9":"instock","10":"shipping-taxable","11":"purchasable","12":"product-type-simple"},"_links":{"self":[{"href":"https:\/\/www.dream-digital.info\/civ\/wp-json\/wp\/v2\/product\/10296","targetHints":{"allow":["GET"]}}],"collection":[{"href":"https:\/\/www.dream-digital.info\/civ\/wp-json\/wp\/v2\/product"}],"about":[{"href":"https:\/\/www.dream-digital.info\/civ\/wp-json\/wp\/v2\/types\/product"}],"replies":[{"embeddable":true,"href":"https:\/\/www.dream-digital.info\/civ\/wp-json\/wp\/v2\/comments?post=10296"}],"wp:featuredmedia":[{"embeddable":true,"href":"https:\/\/www.dream-digital.info\/civ\/wp-json\/wp\/v2\/media\/10331"}],"wp:attachment":[{"href":"https:\/\/www.dream-digital.info\/civ\/wp-json\/wp\/v2\/media?parent=10296"}],"wp:term":[{"taxonomy":"product_brand","embeddable":true,"href":"https:\/\/www.dream-digital.info\/civ\/wp-json\/wp\/v2\/product_brand?post=10296"},{"taxonomy":"product_cat","embeddable":true,"href":"https:\/\/www.dream-digital.info\/civ\/wp-json\/wp\/v2\/product_cat?post=10296"},{"taxonomy":"product_tag","embeddable":true,"href":"https:\/\/www.dream-digital.info\/civ\/wp-json\/wp\/v2\/product_tag?post=10296"}],"curies":[{"name":"wp","href":"https:\/\/api.w.org\/{rel}","templated":true}]}}