{"id":10295,"date":"2023-02-09T16:04:26","date_gmt":"2023-02-09T15:04:26","guid":{"rendered":"https:\/\/www.dream-digital.info\/civ\/?post_type=product&#038;p=10295"},"modified":"2023-02-09T16:05:00","modified_gmt":"2023-02-09T15:05:00","slug":"x3s-pro-x3sp-pro-entry-level-ip-phone","status":"publish","type":"product","link":"https:\/\/www.dream-digital.info\/civ\/produit\/x3s-pro-x3sp-pro-entry-level-ip-phone\/","title":{"rendered":"X3S Pro\/X3SP Pro Entry Level IP Phone"},"content":{"rendered":"<p><\/p>\n<p>&#8211; 4 lignes SIP, point d&#8217;acc\u00e8s SIP<\/p>\n<p>&#8211; \u00c9cran couleur principal de 2,4 pouces<\/p>\n<p>&#8211; Audio HD sur haut-parleur et combin\u00e9<\/p>\n<p>&#8211; Prise en charge de la conf\u00e9rence locale \u00e0 6 participants<\/p>\n<p>&#8211; PoE int\u00e9gr\u00e9 (uniquement X3SP Pro)<\/p>\n<p>&#8211; Compatible avec les principales plates-formes : Asterisk, Broadsoft, 3CX, Metaswitch, Elastix, Avaya, etc.<\/p>\n<p><\/p>\n","protected":false},"excerpt":{"rendered":"<p>X3S Pro\/X3SP Pro est un t\u00e9l\u00e9phone IP \u00e0 \u00e9cran couleur d&#8217;entr\u00e9e de gamme. Avec une voix haute d\u00e9finition, un \u00e9cran principal couleur 320&#215;240 de 2,4 pouces, 4 lignes SIP, une conf\u00e9rence t\u00e9l\u00e9phonique locale \u00e0 6 et d&#8217;autres fonctionnalit\u00e9s \u00e9tendues telles que le casque EHS, il offre une exp\u00e9rience de haute qualit\u00e9 et pratique aux utilisateurs \u00e0 un prix abordable.<\/p>\n","protected":false},"featured_media":10327,"comment_status":"open","ping_status":"closed","template":"","meta":[],"product_brand":[],"product_cat":[47],"product_tag":[],"class_list":{"0":"post-10295","1":"product","2":"type-product","3":"status-publish","4":"has-post-thumbnail","6":"product_cat-fanvil","8":"first","9":"instock","10":"shipping-taxable","11":"purchasable","12":"product-type-simple"},"_links":{"self":[{"href":"https:\/\/www.dream-digital.info\/civ\/wp-json\/wp\/v2\/product\/10295","targetHints":{"allow":["GET"]}}],"collection":[{"href":"https:\/\/www.dream-digital.info\/civ\/wp-json\/wp\/v2\/product"}],"about":[{"href":"https:\/\/www.dream-digital.info\/civ\/wp-json\/wp\/v2\/types\/product"}],"replies":[{"embeddable":true,"href":"https:\/\/www.dream-digital.info\/civ\/wp-json\/wp\/v2\/comments?post=10295"}],"wp:featuredmedia":[{"embeddable":true,"href":"https:\/\/www.dream-digital.info\/civ\/wp-json\/wp\/v2\/media\/10327"}],"wp:attachment":[{"href":"https:\/\/www.dream-digital.info\/civ\/wp-json\/wp\/v2\/media?parent=10295"}],"wp:term":[{"taxonomy":"product_brand","embeddable":true,"href":"https:\/\/www.dream-digital.info\/civ\/wp-json\/wp\/v2\/product_brand?post=10295"},{"taxonomy":"product_cat","embeddable":true,"href":"https:\/\/www.dream-digital.info\/civ\/wp-json\/wp\/v2\/product_cat?post=10295"},{"taxonomy":"product_tag","embeddable":true,"href":"https:\/\/www.dream-digital.info\/civ\/wp-json\/wp\/v2\/product_tag?post=10295"}],"curies":[{"name":"wp","href":"https:\/\/api.w.org\/{rel}","templated":true}]}}