{"id":10294,"date":"2023-02-09T16:04:26","date_gmt":"2023-02-09T15:04:26","guid":{"rendered":"https:\/\/www.dream-digital.info\/civ\/?post_type=product&#038;p=10294"},"modified":"2023-02-09T16:04:55","modified_gmt":"2023-02-09T15:04:55","slug":"x7a-android-touch-screen-ip-phone","status":"publish","type":"product","link":"https:\/\/www.dream-digital.info\/civ\/produit\/x7a-android-touch-screen-ip-phone\/","title":{"rendered":"X7A Android Touch Screen IP Phone"},"content":{"rendered":"<p>&#8211; Syst\u00e8me d&#8217;exploitation Android 9.0<\/p>\n<p>&#8211; 20 lignes SIP<\/p>\n<p>&#8211; \u00c9cran tactile couleur de 7 pouces avec 112 touches DSS \u00e0 une touche<\/p>\n<p>&#8211; Cam\u00e9ra externe USB Fanvil (en option)<\/p>\n<p>&#8211; Appel vid\u00e9o 720 HD, codec vid\u00e9o H.264<\/p>\n<p>&#8211; Audio HD avec haut-parleur Harman, codec large bande G.722 et codec audio Opus<\/p>\n<p>&#8211; WiFi et Bluetooth 2.4G\/5G int\u00e9gr\u00e9s<\/p>\n<p>&#8211; Prise en charge du casque EHS<\/p>\n<p>&#8211; Prise en charge du point d&#8217;acc\u00e8s SIP<\/p>\n<p>&#8211; Annuaire local jusqu&#8217;\u00e0 2000 entr\u00e9es<\/p>\n<p>&#8211; Prise en charge \u00e0 la fois du PoE et de l&#8217;alimentation externe<\/p>\n","protected":false},"excerpt":{"rendered":"<p>En tant que t\u00e9l\u00e9phone IP d&#8217;entreprise haut de gamme avec syst\u00e8me d&#8217;exploitation Android 9.0, le Fanvil X7A offre une exp\u00e9rience de fonctionnement tactile plus intelligente et plus fluide pour les utilisateurs. 112 touches DSS sur l&#8217;\u00e9cran tactile couleur de 7 pouces, le WiFi int\u00e9gr\u00e9, le Bluetooth int\u00e9gr\u00e9 rendent la communication quotidienne plus intelligente et plus simple. Assorti \u00e0 une cam\u00e9ra USB optionnelle Fanvil CM60, le Fanvil X7A peut fournir un superbe son et vid\u00e9o pour la conf\u00e9rence de groupe.<\/p>\n","protected":false},"featured_media":10324,"comment_status":"open","ping_status":"closed","template":"","meta":[],"product_brand":[],"product_cat":[47],"product_tag":[],"class_list":{"0":"post-10294","1":"product","2":"type-product","3":"status-publish","4":"has-post-thumbnail","6":"product_cat-fanvil","8":"first","9":"instock","10":"shipping-taxable","11":"purchasable","12":"product-type-simple"},"_links":{"self":[{"href":"https:\/\/www.dream-digital.info\/civ\/wp-json\/wp\/v2\/product\/10294","targetHints":{"allow":["GET"]}}],"collection":[{"href":"https:\/\/www.dream-digital.info\/civ\/wp-json\/wp\/v2\/product"}],"about":[{"href":"https:\/\/www.dream-digital.info\/civ\/wp-json\/wp\/v2\/types\/product"}],"replies":[{"embeddable":true,"href":"https:\/\/www.dream-digital.info\/civ\/wp-json\/wp\/v2\/comments?post=10294"}],"wp:featuredmedia":[{"embeddable":true,"href":"https:\/\/www.dream-digital.info\/civ\/wp-json\/wp\/v2\/media\/10324"}],"wp:attachment":[{"href":"https:\/\/www.dream-digital.info\/civ\/wp-json\/wp\/v2\/media?parent=10294"}],"wp:term":[{"taxonomy":"product_brand","embeddable":true,"href":"https:\/\/www.dream-digital.info\/civ\/wp-json\/wp\/v2\/product_brand?post=10294"},{"taxonomy":"product_cat","embeddable":true,"href":"https:\/\/www.dream-digital.info\/civ\/wp-json\/wp\/v2\/product_cat?post=10294"},{"taxonomy":"product_tag","embeddable":true,"href":"https:\/\/www.dream-digital.info\/civ\/wp-json\/wp\/v2\/product_tag?post=10294"}],"curies":[{"name":"wp","href":"https:\/\/api.w.org\/{rel}","templated":true}]}}