{"id":10293,"date":"2023-02-09T16:04:26","date_gmt":"2023-02-09T15:04:26","guid":{"rendered":"https:\/\/www.dream-digital.info\/civ\/?post_type=product&#038;p=10293"},"modified":"2023-02-09T16:04:48","modified_gmt":"2023-02-09T15:04:48","slug":"x4-g-enterprise-ip-phone","status":"publish","type":"product","link":"https:\/\/www.dream-digital.info\/civ\/produit\/x4-g-enterprise-ip-phone\/","title":{"rendered":"X4\/G Enterprise IP Phone"},"content":{"rendered":"<p>&#8211; 4 lignes SIP<\/p>\n<p>&#8211; Voix HD<\/p>\n<p>&#8211; \u00c9cran bicolore<\/p>\n<p>&#8211; Deux ports Giga<\/p>\n<p>&#8211; 30 cl\u00e9s DSS<\/p>\n<p>&#8211; Installation multi-angle<\/p>\n<p><\/p>\n","protected":false},"excerpt":{"rendered":"<p>Le X4\/X4G est un t\u00e9l\u00e9phone SIP riche en fonctionnalit\u00e9s pour les entreprises. Le t\u00e9l\u00e9phone IP 4 lignes a \u00e9t\u00e9 con\u00e7u en recherchant la facilit\u00e9 Le X4\/X4G est un t\u00e9l\u00e9phone SIP riche en fonctionnalit\u00e9s pour les entreprises. Le t\u00e9l\u00e9phone IP 4 lignes a \u00e9t\u00e9 con\u00e7u en recherchant la facilit\u00e9 d&#8217;utilisation, m\u00eame dans les moindres d\u00e9tails. Les deux ports r\u00e9seau 10\/100 Mbps (X4G\u00a0: 10\/100\/1000 Mbps) avec PoE int\u00e9gr\u00e9 sont id\u00e9aux pour une utilisation \u00e9tendue du r\u00e9seau. Offre une superbe qualit\u00e9 sonore ainsi qu&#8217;une exp\u00e9rience visuelle riche. Avec un deuxi\u00e8me \u00e9cran couleur DSS, le t\u00e9l\u00e9phone IP prend en charge jusqu&#8217;\u00e0 30 touches DSS qui am\u00e9liorent l&#8217;efficacit\u00e9 du travail. Utilisation de protocoles de cryptage standard pour effectuer un approvisionnement \u00e0 distance hautement s\u00e9curis\u00e9 et des mises \u00e0 niveau logicielles.<\/p>\n<p><\/p>\n","protected":false},"featured_media":10320,"comment_status":"open","ping_status":"closed","template":"","meta":[],"product_brand":[],"product_cat":[47],"product_tag":[],"class_list":{"0":"post-10293","1":"product","2":"type-product","3":"status-publish","4":"has-post-thumbnail","6":"product_cat-fanvil","8":"first","9":"instock","10":"shipping-taxable","11":"purchasable","12":"product-type-simple"},"_links":{"self":[{"href":"https:\/\/www.dream-digital.info\/civ\/wp-json\/wp\/v2\/product\/10293","targetHints":{"allow":["GET"]}}],"collection":[{"href":"https:\/\/www.dream-digital.info\/civ\/wp-json\/wp\/v2\/product"}],"about":[{"href":"https:\/\/www.dream-digital.info\/civ\/wp-json\/wp\/v2\/types\/product"}],"replies":[{"embeddable":true,"href":"https:\/\/www.dream-digital.info\/civ\/wp-json\/wp\/v2\/comments?post=10293"}],"wp:featuredmedia":[{"embeddable":true,"href":"https:\/\/www.dream-digital.info\/civ\/wp-json\/wp\/v2\/media\/10320"}],"wp:attachment":[{"href":"https:\/\/www.dream-digital.info\/civ\/wp-json\/wp\/v2\/media?parent=10293"}],"wp:term":[{"taxonomy":"product_brand","embeddable":true,"href":"https:\/\/www.dream-digital.info\/civ\/wp-json\/wp\/v2\/product_brand?post=10293"},{"taxonomy":"product_cat","embeddable":true,"href":"https:\/\/www.dream-digital.info\/civ\/wp-json\/wp\/v2\/product_cat?post=10293"},{"taxonomy":"product_tag","embeddable":true,"href":"https:\/\/www.dream-digital.info\/civ\/wp-json\/wp\/v2\/product_tag?post=10293"}],"curies":[{"name":"wp","href":"https:\/\/api.w.org\/{rel}","templated":true}]}}