{"id":10292,"date":"2023-02-09T16:04:26","date_gmt":"2023-02-09T15:04:26","guid":{"rendered":"https:\/\/www.dream-digital.info\/civ\/?post_type=product&#038;p=10292"},"modified":"2023-02-09T16:04:41","modified_gmt":"2023-02-09T15:04:41","slug":"x7c-enterprise-ip-phone","status":"publish","type":"product","link":"https:\/\/www.dream-digital.info\/civ\/produit\/x7c-enterprise-ip-phone\/","title":{"rendered":"X7C Enterprise IP Phone"},"content":{"rendered":"<p>&#8211; 20 lignes SIP<\/p>\n<p>&#8211; \u00c9cran couleur haute r\u00e9solution de 5 pouces<\/p>\n<p>&#8211; Audio HD sur haut-parleur et combin\u00e9<\/p>\n<p>&#8211; La premi\u00e8re version prend en charge Bluetooth 2.1, la version V2 prend en charge Bluetooth 4.2<\/p>\n<p>&#8211; La premi\u00e8re version prend en charge la conf\u00e9rence \u00e0 3 voies, la version V2 prend en charge la conf\u00e9rence \u00e0 6 voies<\/p>\n<p>&#8211; Jusqu&#8217;\u00e0 60 DSS entiers disponibles (12 physiques)<\/p>\n<p>&#8211; Connectivit\u00e9 Wi-Fi (via dongle Wi-Fi)<\/p>\n<p>&#8211; Pouvoir recevoir des appels vid\u00e9o (la premi\u00e8re version prend en charge H.264, la version V2 prend en charge H.264 et 1080P)<\/p>\n<p>&#8211; Support avec 2 angles r\u00e9glables de 40 et 50 degr\u00e9s<\/p>\n<p>&#8211; Prise en charge du casque EHS<\/p>\n<p>&#8211; Deux ports Gigabit, PoE int\u00e9gr\u00e9<\/p>\n","protected":false},"excerpt":{"rendered":"<p>Avec un design moderne et clair, le Fanvil X7C est un t\u00e9l\u00e9phone IP d&#8217;entreprise haut de gamme pour les utilisateurs professionnels qui ont besoin d&#8217;un acc\u00e8s imm\u00e9diat \u00e0 toutes leurs informations importantes. En plus d&#8217;un \u00e9cran couleur haute r\u00e9solution de 5 pouces, le t\u00e9l\u00e9phone dispose \u00e9galement de 20 lignes SIP, de l&#8217;audio HD avec prise en charge d&#8217;Opus, jusqu&#8217;\u00e0 60 touches DSS (12 physiques), du Bluetooth int\u00e9gr\u00e9, de la connectivit\u00e9 Wi-Fi et plus encore !<\/p>\n","protected":false},"featured_media":10316,"comment_status":"open","ping_status":"closed","template":"","meta":[],"product_brand":[],"product_cat":[47],"product_tag":[],"class_list":{"0":"post-10292","1":"product","2":"type-product","3":"status-publish","4":"has-post-thumbnail","6":"product_cat-fanvil","8":"first","9":"instock","10":"shipping-taxable","11":"purchasable","12":"product-type-simple"},"_links":{"self":[{"href":"https:\/\/www.dream-digital.info\/civ\/wp-json\/wp\/v2\/product\/10292","targetHints":{"allow":["GET"]}}],"collection":[{"href":"https:\/\/www.dream-digital.info\/civ\/wp-json\/wp\/v2\/product"}],"about":[{"href":"https:\/\/www.dream-digital.info\/civ\/wp-json\/wp\/v2\/types\/product"}],"replies":[{"embeddable":true,"href":"https:\/\/www.dream-digital.info\/civ\/wp-json\/wp\/v2\/comments?post=10292"}],"wp:featuredmedia":[{"embeddable":true,"href":"https:\/\/www.dream-digital.info\/civ\/wp-json\/wp\/v2\/media\/10316"}],"wp:attachment":[{"href":"https:\/\/www.dream-digital.info\/civ\/wp-json\/wp\/v2\/media?parent=10292"}],"wp:term":[{"taxonomy":"product_brand","embeddable":true,"href":"https:\/\/www.dream-digital.info\/civ\/wp-json\/wp\/v2\/product_brand?post=10292"},{"taxonomy":"product_cat","embeddable":true,"href":"https:\/\/www.dream-digital.info\/civ\/wp-json\/wp\/v2\/product_cat?post=10292"},{"taxonomy":"product_tag","embeddable":true,"href":"https:\/\/www.dream-digital.info\/civ\/wp-json\/wp\/v2\/product_tag?post=10292"}],"curies":[{"name":"wp","href":"https:\/\/api.w.org\/{rel}","templated":true}]}}