{"id":10291,"date":"2023-02-09T16:04:26","date_gmt":"2023-02-09T15:04:26","guid":{"rendered":"https:\/\/www.dream-digital.info\/civ\/?post_type=product&#038;p=10291"},"modified":"2023-02-09T16:04:34","modified_gmt":"2023-02-09T15:04:34","slug":"v65-prime-business-phone","status":"publish","type":"product","link":"https:\/\/www.dream-digital.info\/civ\/produit\/v65-prime-business-phone\/","title":{"rendered":"V65 Prime Business Phone"},"content":{"rendered":"<p>&#8211; \u00c9cran IPS 4,3 pouces 480&#215;272 r\u00e9glable (0\u00b0 \u00e0 40\u00b0)<\/p>\n<p>&#8211; Pouvoir recevoir des appels vid\u00e9o avec le codec vid\u00e9o H.264<\/p>\n<p>&#8211; Prise en charge du codec audio large bande G.722, Opus<\/p>\n<p>&#8211; Prise en charge de la conf\u00e9rence audio \u00e0 6 parties<\/p>\n<p>&#8211; Wi-Fi 2.4G\/5G et Bluetooth 4.2 int\u00e9gr\u00e9s<\/p>\n","protected":false},"excerpt":{"rendered":"<p>V65 est plus qu&#8217;un t\u00e9l\u00e9phone efficace mais une \u0153uvre d&#8217;art d\u00e9licate, offrant une exp\u00e9rience de communication d&#8217;entreprise intelligente et fluide pour les cadres et les gestionnaires. En tant que premier t\u00e9l\u00e9phone professionnel dot\u00e9 d&#8217;un \u00e9cran r\u00e9glable et du Bluetooth 4.2 int\u00e9gr\u00e9 et du Wi-Fi 2.4G\/5G, le V65 est une combinaison parfaite d&#8217;un ext\u00e9rieur \u00e9l\u00e9gant et d&#8217;un int\u00e9rieur puissant.<\/p>\n","protected":false},"featured_media":10312,"comment_status":"open","ping_status":"closed","template":"","meta":[],"product_brand":[],"product_cat":[47],"product_tag":[],"class_list":{"0":"post-10291","1":"product","2":"type-product","3":"status-publish","4":"has-post-thumbnail","6":"product_cat-fanvil","8":"first","9":"instock","10":"shipping-taxable","11":"purchasable","12":"product-type-simple"},"_links":{"self":[{"href":"https:\/\/www.dream-digital.info\/civ\/wp-json\/wp\/v2\/product\/10291","targetHints":{"allow":["GET"]}}],"collection":[{"href":"https:\/\/www.dream-digital.info\/civ\/wp-json\/wp\/v2\/product"}],"about":[{"href":"https:\/\/www.dream-digital.info\/civ\/wp-json\/wp\/v2\/types\/product"}],"replies":[{"embeddable":true,"href":"https:\/\/www.dream-digital.info\/civ\/wp-json\/wp\/v2\/comments?post=10291"}],"wp:featuredmedia":[{"embeddable":true,"href":"https:\/\/www.dream-digital.info\/civ\/wp-json\/wp\/v2\/media\/10312"}],"wp:attachment":[{"href":"https:\/\/www.dream-digital.info\/civ\/wp-json\/wp\/v2\/media?parent=10291"}],"wp:term":[{"taxonomy":"product_brand","embeddable":true,"href":"https:\/\/www.dream-digital.info\/civ\/wp-json\/wp\/v2\/product_brand?post=10291"},{"taxonomy":"product_cat","embeddable":true,"href":"https:\/\/www.dream-digital.info\/civ\/wp-json\/wp\/v2\/product_cat?post=10291"},{"taxonomy":"product_tag","embeddable":true,"href":"https:\/\/www.dream-digital.info\/civ\/wp-json\/wp\/v2\/product_tag?post=10291"}],"curies":[{"name":"wp","href":"https:\/\/api.w.org\/{rel}","templated":true}]}}