{"id":10610,"date":"2023-08-03T11:09:48","date_gmt":"2023-08-03T09:09:48","guid":{"rendered":"https:\/\/www.dream-digital.info\/civ\/?page_id=10610"},"modified":"2023-08-03T11:50:46","modified_gmt":"2023-08-03T09:50:46","slug":"sarb-online-logiciel-de-gestion-du-courtage-en-reassurance","status":"publish","type":"page","link":"https:\/\/www.dream-digital.info\/civ\/sarb-online-logiciel-de-gestion-du-courtage-en-reassurance\/","title":{"rendered":"SARBOnline, Logiciel de gestion du Courtage en R\u00e9assurance"},"content":{"rendered":"<h4><strong>SARBOnline<\/strong><\/h4>\n<p><strong>Pour les courtiers en r\u00e9assurance<\/strong><\/p>\n<div class=\"col-lg-5 about_bg\">\n<div class=\"about_box mt-2 wow fadeInLeft\"><img fetchpriority=\"high\" decoding=\"async\" class=\"alignleft\" src=\"https:\/\/www.simsononline.com\/assets\/images\/left_img2.jpeg\" alt=\"Simson\" width=\"317\" height=\"448\" \/><\/div>\n<\/div>\n<ul>\n<li>SARB est un ERP pour les courtiers en r\u00e9assurance, il est le choix pr\u00e9f\u00e9r\u00e9 des principaux acteurs de sa cat\u00e9gorie.<\/li>\n<li>Une vue unique et unifi\u00e9e de vos clients, y compris la gestion des activit\u00e9s et des opportunit\u00e9s<\/li>\n<li>Prise en charge compl\u00e8te de tous les types de contrats de r\u00e9assurance &#8211; trait\u00e9s et facultatifs, proportionnels et non proportionnels.<\/li>\n<li>Soutien \u00e0 tous les canaux de vente, y compris les courtiers, les points de vente, les agents, les centres d&#8217;appel et les employ\u00e9s directs.<\/li>\n<li>Les solutions logicielles de r\u00e9assurance am\u00e9liorent les processus op\u00e9rationnels, les informations de gestion et la piste d&#8217;audit des courtiers en r\u00e9assurance.<\/li>\n<li>Gestion int\u00e9gr\u00e9e des courriels, des SMS et des documents \u00e9lectroniques afin d&#8217;aider les courtiers dans leurs activit\u00e9s quotidiennes et d&#8217;am\u00e9liorer leur efficacit\u00e9.<\/li>\n<li>Int\u00e9gration de MS-Word pour g\u00e9n\u00e9rer des documents cl\u00e9s tels que le bordereau de courtier, le bordereau de devis, le bordereau de placement, la note de couverture, le bordereau d&#8217;endossement et les notes de couverture de l&#8217;addenda.<\/li>\n<li>Syst\u00e8me de rappel de pointe pour les PPW, les fermetures, la subjectivit\u00e9 et les renouvellements<\/li>\n<li>Notre logiciel de gestion de la r\u00e9assurance produit divers documents g\u00e9n\u00e9r\u00e9s par le syst\u00e8me, tels que les cl\u00f4tures de primes, les notes de d\u00e9bit, les notes de cr\u00e9dit, les relev\u00e9s de solde des r\u00e9assureurs, les avis de sinistre, etc.<\/li>\n<li>Quelques-uns de nos principaux clients : Marsh, Willis, Howden, KM Dastur, Prudent, Salasar, Pioneer, Mahindra, Toyota, UIB, Bharat Re, Indo-ARAB, BBI, BBM, GR Risk Partners, Synergy, Afro Asian, Zoom, etc.<\/li>\n<li>SARB est un logiciel complet qui s&#8217;est taill\u00e9 une place de choix dans le secteur du courtage en r\u00e9assurance. Il am\u00e9liore la qualit\u00e9 et la pr\u00e9cision du travail. Notre <strong>logiciel de r\u00e9assurance <\/strong>est sp\u00e9cialement con\u00e7u pour permettre aux courtiers et aux agents de b\u00e9n\u00e9ficier d&#8217;une grande flexibilit\u00e9 et de nombreuses fonctionnalit\u00e9s.<\/li>\n<\/ul>\n<p>&nbsp;<\/p>\n<p><strong>SARB Caract\u00e9ristiques :<\/strong><\/p>\n<p>Le logiciel de r\u00e9assurance SARB g\u00e8re les demandes de renseignements re\u00e7ues des courtiers, g\u00e9n\u00e8re des bordereaux de cotation, re\u00e7oit les cotations des r\u00e9assureurs et collecte les donn\u00e9es des courtiers.<\/p>\n<ul>\n<li>Il se charge de la cr\u00e9ation et de l&#8217;envoi de notes de d\u00e9bit aux courtiers, de la collecte et de la remise des fonds, de la notification et du r\u00e8glement des sinistres, de l&#8217;analyse de l&#8217;activit\u00e9 en fonction de diff\u00e9rents param\u00e8tres, etc.<\/li>\n<li>Le logiciel pour les courtiers en r\u00e9assurance comporte des modules distincts pour les trait\u00e9s non proportionnels et proportionnels. Cette section comprend la saisie des d\u00e9tails de placement des trait\u00e9s, la gestion des d\u00e9clarations sur une seule page et des d\u00e9clarations p\u00e9riodiques.<\/li>\n<li>Le logiciel pour les courtiers en r\u00e9assurance vous aide dans la gestion de votre bureau. Vous pouvez facilement suivre le mouvement d&#8217;un dossier et trouver son emplacement physique.<\/li>\n<li>La section des documents entrants\/sortants est g\u00e9r\u00e9e par notre logiciel de r\u00e9assurance SARB. Il permet de suivre les courriers et les paquets.<\/li>\n<li>SARB offre une gestion compl\u00e8te de tous les processus commerciaux de r\u00e9assurance d&#8217;une mani\u00e8re tr\u00e8s conviviale.<\/li>\n<li>Des services int\u00e9gr\u00e9s de courrier \u00e9lectronique, de SMS et de gestion \u00e9lectronique des documents pour vous aider dans vos activit\u00e9s quotidiennes et am\u00e9liorer votre efficacit\u00e9.<\/li>\n<li>Diff\u00e9rents rapports vous permettant d&#8217;am\u00e9liorer l&#8217;analyse et les n\u00e9gociations.<\/li>\n<li>Syst\u00e8me de rappel ultramoderne pour les PPW, les cl\u00f4tures et les renouvellements.<\/li>\n<li>Divers documents g\u00e9n\u00e9r\u00e9s par le syst\u00e8me, tels que les DN\/CN, les relev\u00e9s de solde des r\u00e9assureurs, les avis de sinistre, etc.<\/li>\n<\/ul>\n<p><strong>\u00a0<\/strong><\/p>\n<p><strong>Espace d&#8217;Administration :<\/strong><\/p>\n<p>Les principales fonctions de la zone d&#8217;administration sont les suivantes<\/p>\n<ul>\n<li>Cr\u00e9ation d&#8217;utilisateurs et de leurs droits d&#8217;acc\u00e8s.<\/li>\n<li>Cr\u00e9ation de divers fichiers, par exemple employ\u00e9s, branches, classes et sous-cat\u00e9gories de risques, r\u00e9assureurs, c\u00e9dantes, banques, devises, taux de change, etc.<\/li>\n<li>Cr\u00e9ation et gestion de diff\u00e9rents mod\u00e8les pour g\u00e9n\u00e9rer des bordereaux et des notes de couverture.<\/li>\n<li>Cr\u00e9ation de divers mod\u00e8les d&#8217;e-mails et de SMS pour diff\u00e9rentes sections et diff\u00e9rents lieux.<\/li>\n<li>Mise en place de mod\u00e8les de rappel.<\/li>\n<li>Mise en place de la comptabilit\u00e9.<\/li>\n<\/ul>\n<p>&nbsp;<\/p>\n<p><strong>Facultatif :<\/strong><\/p>\n<p>Les principales fonctions d&#8217;une assurance facultative sont les suivantes<\/p>\n<ul>\n<li>Gestion compl\u00e8te des affaires facultatives proportionnelles et non proportionnelles (XL).<\/li>\n<li>G\u00e9n\u00e9rer des bordereaux sur la base de mod\u00e8les pr\u00e9d\u00e9finis pour chaque cat\u00e9gorie et sous-cat\u00e9gorie d&#8217;entreprise.<\/li>\n<li>Envoi automatis\u00e9 de courriels aux r\u00e9assureurs\/courtiers s\u00e9lectionn\u00e9s pour les demandes de devis.<\/li>\n<li>Toutes les cl\u00f4tures et notes de couverture sont g\u00e9n\u00e9r\u00e9es par le syst\u00e8me \u00e0 l&#8217;aide de mod\u00e8les et de manuels pr\u00e9d\u00e9finis.<\/li>\n<li>Gestion compl\u00e8te des processus commerciaux et des sinistres pour les affaires facultatives proportionnelles et non proportionnelles.<\/li>\n<li>Divers rapports analytiques et graphiques dans la devise de l&#8217;entreprise, le dollar am\u00e9ricain et dans votre propre devise.<\/li>\n<li>Gestion \u00e9lectronique des documents pour tous les documents de processus et les courriels.<\/li>\n<li>Processus de rappel de l&#8217;\u00e9tat de l&#8217;art pour les diff\u00e9rentes \u00e9tapes et les diff\u00e9rents points.<\/li>\n<\/ul>\n<p>&nbsp;<\/p>\n<p><strong>Trait\u00e9 :<\/strong><\/p>\n<p>Les principales fonctions du trait\u00e9 sont les suivantes :<\/p>\n<ul>\n<li>Gestion compl\u00e8te des trait\u00e9s XL proportionnels.<\/li>\n<li>G\u00e9n\u00e9rer des bordereaux sur la base de mod\u00e8les pr\u00e9d\u00e9finis pour chaque classe et sous-cat\u00e9gorie de trait\u00e9s.<\/li>\n<li>Envoi automatis\u00e9 de courriels aux r\u00e9assureurs\/courtiers s\u00e9lectionn\u00e9s pour les demandes de devis.<\/li>\n<li>Le syst\u00e8me simplifi\u00e9 a g\u00e9n\u00e9r\u00e9 des cl\u00f4tures et des relev\u00e9s p\u00e9riodiques pour les r\u00e9assureurs\/courtiers placeurs.<\/li>\n<li>Gestion compl\u00e8te des processus commerciaux, des sinistres et des pertes en esp\u00e8ces pour les trait\u00e9s proportionnels et non proportionnels.<\/li>\n<li>Divers rapports analytiques et graphiques.<\/li>\n<li>Suivi de toutes les collectes et remises.<\/li>\n<li>Le syst\u00e8me g\u00e9n\u00e8re des rappels pour les relev\u00e9s, les renouvellements et le r\u00e8glement des comptes des trait\u00e9s.<\/li>\n<\/ul>\n<p>&nbsp;<\/p>\n<p><strong>SiFAMs :<\/strong><\/p>\n<p>SiFAMs est un syst\u00e8me de comptabilit\u00e9 financi\u00e8re multidevise d\u00e9velopp\u00e9 par nos soins :<\/p>\n<ul>\n<li>Rapports pratiques sur les comptes \u00e0 payer et \u00e0 recevoir.<\/li>\n<li>R\u00e8glement \u00e9chelonn\u00e9 des comptes dans la devise souhait\u00e9e.<\/li>\n<li>Un relev\u00e9 de compte unique par le biais de rapports sur le grand livre structur\u00e9 pour toutes les affaires entrantes et sortantes et les demandes de remboursement.<\/li>\n<li>Int\u00e9gration compl\u00e8te avec les trait\u00e9s, les facultatives et le processus de demande d&#8217;indemnisation par le biais de pi\u00e8ces justificatives automatis\u00e9es.<\/li>\n<li>Balance des pistes, P &amp; L, bilan, livre de caisse, livre de banque et plusieurs autres rapports de comptabilit\u00e9 financi\u00e8re.<\/li>\n<li>Exportation des pi\u00e8ces justificatives et des registres au format Excel, CSV ou PDF, selon les besoins.<\/li>\n<li>Informer la direction et les responsables des comptes cl\u00e9s des seuils limites sur le courrier.<\/li>\n<\/ul>\n<p><strong> [VbForm id=106888]<\/strong><\/p>\n<p><strong>\u00a0<\/strong><\/p>\n<p>&nbsp;<\/p>\n","protected":false},"excerpt":{"rendered":"<p>SARBOnline Pour les courtiers en r\u00e9assurance SARB est un ERP pour les courtiers en r\u00e9assurance, il est le choix pr\u00e9f\u00e9r\u00e9 des principaux acteurs de sa cat\u00e9gorie. Une vue unique et unifi\u00e9e de vos clients, y compris la gestion des activit\u00e9s et des opportunit\u00e9s Prise en charge compl\u00e8te de tous les types de contrats de r\u00e9assurance [&hellip;]<\/p>\n","protected":false},"author":1,"featured_media":0,"parent":0,"menu_order":0,"comment_status":"closed","ping_status":"closed","template":"","meta":{"footnotes":""},"class_list":["post-10610","page","type-page","status-publish","hentry"],"_links":{"self":[{"href":"https:\/\/www.dream-digital.info\/civ\/wp-json\/wp\/v2\/pages\/10610","targetHints":{"allow":["GET"]}}],"collection":[{"href":"https:\/\/www.dream-digital.info\/civ\/wp-json\/wp\/v2\/pages"}],"about":[{"href":"https:\/\/www.dream-digital.info\/civ\/wp-json\/wp\/v2\/types\/page"}],"author":[{"embeddable":true,"href":"https:\/\/www.dream-digital.info\/civ\/wp-json\/wp\/v2\/users\/1"}],"replies":[{"embeddable":true,"href":"https:\/\/www.dream-digital.info\/civ\/wp-json\/wp\/v2\/comments?post=10610"}],"version-history":[{"count":3,"href":"https:\/\/www.dream-digital.info\/civ\/wp-json\/wp\/v2\/pages\/10610\/revisions"}],"predecessor-version":[{"id":10613,"href":"https:\/\/www.dream-digital.info\/civ\/wp-json\/wp\/v2\/pages\/10610\/revisions\/10613"}],"wp:attachment":[{"href":"https:\/\/www.dream-digital.info\/civ\/wp-json\/wp\/v2\/media?parent=10610"}],"curies":[{"name":"wp","href":"https:\/\/api.w.org\/{rel}","templated":true}]}}