{"id":10601,"date":"2023-08-03T10:45:49","date_gmt":"2023-08-03T08:45:49","guid":{"rendered":"https:\/\/www.dream-digital.info\/civ\/?page_id=10601"},"modified":"2023-08-03T12:41:45","modified_gmt":"2023-08-03T10:41:45","slug":"saiba-online-logiciel-de-gestion-du-courtage-en-assurance","status":"publish","type":"page","link":"https:\/\/www.dream-digital.info\/civ\/saiba-online-logiciel-de-gestion-du-courtage-en-assurance\/","title":{"rendered":"SAIBAOnline, Logiciel de gestion du Courtage en Assurance"},"content":{"rendered":"<h3><strong>SAIBAOnline \u00c9dition mondiale<\/strong><\/h3>\n<h4>Pour les courtiers d&#8217;assurance mondiaux<\/h4>\n<p>&nbsp;<\/p>\n<p><img fetchpriority=\"high\" decoding=\"async\" class=\" wp-image-10605 alignleft\" src=\"https:\/\/www.dream-digital.info\/civ\/wp-content\/uploads\/sites\/7\/2023\/08\/Comprehensive_Range_French_Content-final-1-300x262.jpg\" alt=\"\" width=\"412\" height=\"360\" srcset=\"https:\/\/www.dream-digital.info\/civ\/wp-content\/uploads\/sites\/7\/2023\/08\/Comprehensive_Range_French_Content-final-1-300x262.jpg 300w, https:\/\/www.dream-digital.info\/civ\/wp-content\/uploads\/sites\/7\/2023\/08\/Comprehensive_Range_French_Content-final-1-768x671.jpg 768w, https:\/\/www.dream-digital.info\/civ\/wp-content\/uploads\/sites\/7\/2023\/08\/Comprehensive_Range_French_Content-final-1-600x524.jpg 600w, https:\/\/www.dream-digital.info\/civ\/wp-content\/uploads\/sites\/7\/2023\/08\/Comprehensive_Range_French_Content-final-1.jpg 800w\" sizes=\"(max-width: 412px) 100vw, 412px\" \/><\/p>\n<div class=\"col-lg-5 about_bg\">\n<div class=\"about_box mt-2 wow fadeInLeft\"><\/div>\n<\/div>\n<p><strong>SAIBA (<\/strong><strong>courtiers en assurance directe) <\/strong><\/p>\n<ul>\n<li>SAIBA est un ERP pour les courtiers en assurance directe. Il est le choix pr\u00e9f\u00e9r\u00e9 des principaux acteurs de sa cat\u00e9gorie.<\/li>\n<li>Une vue unique et unifi\u00e9e de vos clients, y compris la gestion des activit\u00e9s et des opportunit\u00e9s.<\/li>\n<li>Tous les types de produits d&#8217;assurance sont pris en charge par notre logiciel pour les courtiers en assurance &#8211; assurance automobile, assurance maladie, assurance des biens, assurance technique, assurance voyage, assurance habitation, assurance vie, etc.<\/li>\n<li>Soutien \u00e0 tous les canaux de vente, y compris les courtiers, les points de vente, les agents, les centres d&#8217;appel et les employ\u00e9s directs.<\/li>\n<li>Am\u00e9liore les processus op\u00e9rationnels, d&#8217;information de gestion et de piste d&#8217;audit.<\/li>\n<li>Gestion int\u00e9gr\u00e9e des courriels, des SMS et des documents \u00e9lectroniques afin d&#8217;aider les courtiers dans leurs activit\u00e9s quotidiennes et d&#8217;am\u00e9liorer leur efficacit\u00e9.<\/li>\n<li>Int\u00e9gration avec les plateformes en ligne &#8211; Suivi de la gestion des devis et des polices avec des flux de travail automatis\u00e9s<\/li>\n<li>Avec le logiciel de courtage d&#8217;assurance de Simson Software, vous pouvez facilement l&#8217;int\u00e9grer \u00e0 Login on Customer Website &#8211; Une plateforme web en libre-service pour mieux g\u00e9rer les relations avec les courtiers d&#8217;assurance, les agents et les clients.<\/li>\n<li>Quelques-uns de nos principaux clients : Marsh, Willis, Howden, Mahindra, Toyota, Anvity, Bonanza, EF, JB Boda, SMC, Salsar, ALasar, SREI, Unison, Prudent, KM Dastur, Premier, BBM, New Age, UIB, R2S, FISCO, Savington, Canopy, Armchair, Turtle etc.<\/li>\n<\/ul>\n<p>&nbsp;<\/p>\n<h2>Pour les courtiers et agents d&#8217;entreprise d&#8217;outre-mer<\/h2>\n<h3><strong>Caract\u00e9ristiques principales <\/strong><\/h3>\n<ul>\n<li>SAIBA est un ERP pour les courtiers d&#8217;assurance qui couvre presque tous les aspects du secteur du courtage d&#8217;assurance.<\/li>\n<li>Produit test\u00e9 depuis 14 ans, d\u00e9j\u00e0 utilis\u00e9 par plus de <strong>200 <\/strong>courtiers dans diff\u00e9rents pays.<\/li>\n<li>Solution compl\u00e8te, du CRM au bilan.<\/li>\n<li><strong>Facilement personnalisable : <\/strong>Selon les besoins<\/li>\n<li><strong>Convivialit\u00e9 : <\/strong>Tr\u00e8s conviviale, elle ne n\u00e9cessite qu&#8217;une formation minimale.<\/li>\n<li><strong>SMS et courriels :<\/strong> Prend en charge les formats texte et uni-code.<\/li>\n<li><strong>Impression : <\/strong>Imprimez des polices, des notes de couverture, des autocollants, des bordereaux de courtier, des notes de risque, des notes de d\u00e9bit, des notes de cr\u00e9dit, des re\u00e7us, etc. dans vos propres formats.<\/li>\n<li><strong>Suivi des renouvellements : <\/strong>syst\u00e8me de gestion des renouvellements \u00e0 la pointe de la technologie par le biais d&#8217;avis, d&#8217;e-mails et de SMS.<\/li>\n<li><strong>Rapports r\u00e9glementaires : <\/strong>Obtenez des rapports r\u00e9glementaires exactement dans les formats requis par votre organisme de r\u00e9glementation, la personnalisation est gratuite jusqu&#8217;\u00e0 l&#8217;entr\u00e9e en vigueur de l&#8217;accord de niveau de service (SLA).<\/li>\n<li><strong>Service et assistance : <\/strong>Service de pointe, disponible 365 jours par an pendant les heures de bureau des clients.<\/li>\n<li>Pas de frais cach\u00e9s, un service d&#8217;assistance \u00e0 distance \u00e0 la pointe de la technologie.<\/li>\n<li><strong>CARM : <\/strong>CARM int\u00e9gr\u00e9 qui comprend la gestion int\u00e9gr\u00e9e des appels t\u00e9l\u00e9phoniques, des activit\u00e9s de marketing, de l&#8217;agenda quotidien et de la prise de rendez-vous, etc.<\/li>\n<li>Recevez chaque jour dans votre bo\u00eete aux lettres la liste des rendez-vous et des renouvellements \u00e0 effectuer.<\/li>\n<li>Gestion compl\u00e8te de l&#8217;entreprise potentielle.<\/li>\n<li>Syst\u00e8me de facturation et de remboursement des frais de voyage.<\/li>\n<li><strong>QMS : <\/strong>Un syst\u00e8me complet de gestion des devis est mis en place depuis la r\u00e9ception de la demande jusqu&#8217;\u00e0 la conclusion de l&#8217;affaire.<\/li>\n<li>G\u00e9n\u00e9rer des bordereaux de courtiers et des comparaisons de devis dans votre propre format gr\u00e2ce \u00e0 des mod\u00e8les con\u00e7us par vous-m\u00eame.<\/li>\n<li>Demande de devis par courriel \u00e0 l&#8217;assureur directement \u00e0 partir du syst\u00e8me.<\/li>\n<li><strong>Gestion des notes de couverture et des vignettes automobiles : <\/strong>Gestion compl\u00e8te des autocollants de moteur et des notes de couverture.<\/li>\n<li>Impression de notes de risque, de lettres de bienvenue, de notes de d\u00e9bit, de notes de cr\u00e9dit et de re\u00e7us, dans votre propre format.<\/li>\n<li>Impression des politiques, le cas \u00e9ch\u00e9ant<\/li>\n<li>Gestion des avenants<\/li>\n<li>Gestion des primes et analyse du vieillissement<\/li>\n<li>Gestion des envois et suivi de l&#8217;\u00e9tat des politiques<\/li>\n<li>Divers rapports d&#8217;analyse commerciale d\u00e9taill\u00e9s, sommaires et graphiques.<\/li>\n<li><strong>Gestion des renouvellements : La <\/strong>SAIBA dispose d&#8217;un syst\u00e8me de gestion des renouvellements tr\u00e8s performant avec des SMS, des notifications et des rappels par e-mail automatis\u00e9s. Les rapports sur les renouvellements sont bas\u00e9s sur diff\u00e9rents filtres et formats personnalis\u00e9s, tels que les RM, les r\u00e9f\u00e9rences et les d\u00e9partements politiques.<\/li>\n<li><strong>Gestion des sinistres : <\/strong>SAIBA dispose d&#8217;un syst\u00e8me complet de gestion des sinistres pour les polices d&#8217;assurance automobile, d&#8217;assurance maladie et d&#8217;autres polices non li\u00e9es \u00e0 la sant\u00e9.<\/li>\n<li>Suivi des sinistres, analyse d\u00e9taill\u00e9e des sinistres et analyse du taux de sinistralit\u00e9 en fonction du client et de l&#8217;assureur.<\/li>\n<li>Rapports sur les sinistres en suspens et analyse de l&#8217;anciennet\u00e9 des sinistres.<\/li>\n<li>Le suivi de l&#8217;\u00e9tat des r\u00e9clamations peut \u00eatre activ\u00e9 pour les clients sur le site web, sur demande.<\/li>\n<li><strong>Gestion des documents : <\/strong>Gestion compl\u00e8te des documents \u00e9lectroniques et des politiques (vers un bureau sans papier).<\/li>\n<li><strong>CRS : <\/strong>Syst\u00e8me de gestion des esp\u00e8ces\/ch\u00e8ques re\u00e7us par l&#8217;organisation.<\/li>\n<li><strong>Honoraires : <\/strong>G\u00e9n\u00e9rer et suivre les factures adress\u00e9es aux clients en \u00e9change de divers services rendus. G\u00e9rer le suivi des re\u00e7us et des soldes.<\/li>\n<li><strong>Business Intelligence : <\/strong>G\u00e9n\u00e9rer les rapports de votre choix dans votre propre format. Rapports consolid\u00e9s pour l&#8217;assurance vie, l&#8217;assurance g\u00e9n\u00e9rale, l&#8217;assurance pension et l&#8217;assurance obs\u00e8ques. Divers rapports d&#8217;activit\u00e9 graphiques.<\/li>\n<\/ul>\n<h3>SiFAMs : Notre propre syst\u00e8me de comptabilit\u00e9 financi\u00e8re multidevise. Voici quelques-unes des principales caract\u00e9ristiques de SiFAMs :<\/h3>\n<ul>\n<li>Gestion compl\u00e8te des primes d&#8217;assurance g\u00e9n\u00e9rale et d&#8217;assurance vie,<\/li>\n<li>Diverses analyses de vieillissement en cours.<\/li>\n<li>Grand livre.<\/li>\n<li>Analyse du budget par rapport \u00e0 la r\u00e9alit\u00e9 et rapport sur les \u00e9carts.<\/li>\n<li>Divers livres tels que le livre journalier, le livre de banque, le livre de caisse, etc.<\/li>\n<li>Bilan de piste, compte de r\u00e9sultat et bilan.<\/li>\n<li>Flux de tr\u00e9sorerie et autres rapports financiers.<\/li>\n<li>Analyse des revenus des clients et des entreprises.<\/li>\n<\/ul>\n<p>&nbsp;<\/p>\n<h3>Technologies :<\/h3>\n<ul>\n<li>SAIBA a \u00e9t\u00e9 construit en utilisant les technologies Microsoft .Net framework 4.5 en C#.<\/li>\n<li>Microsoft SQL Server 2014 est utilis\u00e9 comme base de donn\u00e9es dans toutes nos applications, ce qui est l&#8217;une des bases de donn\u00e9es les plus fiables au monde.<\/li>\n<li>SAP crystal report 2016 est utilis\u00e9 pour le reporting dans les applications SATA, ce qui permet de cr\u00e9er des rapports plus polyvalents pour l&#8217;utilisateur.<\/li>\n<li>XML est \u00e9galement utilis\u00e9 dans le domaine de l&#8217;intelligence \u00e9conomique pour g\u00e9n\u00e9rer divers rapports.<\/li>\n<\/ul>\n<p>[VbForm id=106888]<\/p>\n<p>&nbsp;<\/p>\n<p>&nbsp;<\/p>\n","protected":false},"excerpt":{"rendered":"<p>SAIBAOnline \u00c9dition mondiale Pour les courtiers d&#8217;assurance mondiaux &nbsp; SAIBA (courtiers en assurance directe) SAIBA est un ERP pour les courtiers en assurance directe. Il est le choix pr\u00e9f\u00e9r\u00e9 des principaux acteurs de sa cat\u00e9gorie. Une vue unique et unifi\u00e9e de vos clients, y compris la gestion des activit\u00e9s et des opportunit\u00e9s. Tous les types [&hellip;]<\/p>\n","protected":false},"author":1,"featured_media":0,"parent":0,"menu_order":0,"comment_status":"closed","ping_status":"closed","template":"","meta":{"footnotes":""},"class_list":["post-10601","page","type-page","status-publish","hentry"],"_links":{"self":[{"href":"https:\/\/www.dream-digital.info\/civ\/wp-json\/wp\/v2\/pages\/10601","targetHints":{"allow":["GET"]}}],"collection":[{"href":"https:\/\/www.dream-digital.info\/civ\/wp-json\/wp\/v2\/pages"}],"about":[{"href":"https:\/\/www.dream-digital.info\/civ\/wp-json\/wp\/v2\/types\/page"}],"author":[{"embeddable":true,"href":"https:\/\/www.dream-digital.info\/civ\/wp-json\/wp\/v2\/users\/1"}],"replies":[{"embeddable":true,"href":"https:\/\/www.dream-digital.info\/civ\/wp-json\/wp\/v2\/comments?post=10601"}],"version-history":[{"count":8,"href":"https:\/\/www.dream-digital.info\/civ\/wp-json\/wp\/v2\/pages\/10601\/revisions"}],"predecessor-version":[{"id":10615,"href":"https:\/\/www.dream-digital.info\/civ\/wp-json\/wp\/v2\/pages\/10601\/revisions\/10615"}],"wp:attachment":[{"href":"https:\/\/www.dream-digital.info\/civ\/wp-json\/wp\/v2\/media?parent=10601"}],"curies":[{"name":"wp","href":"https:\/\/api.w.org\/{rel}","templated":true}]}}