{"id":10598,"date":"2023-08-03T09:48:46","date_gmt":"2023-08-03T07:48:46","guid":{"rendered":"https:\/\/www.dream-digital.info\/civ\/?page_id=10598"},"modified":"2023-08-03T09:55:34","modified_gmt":"2023-08-03T07:55:34","slug":"politique-de-confidentialite-de-dream-digital","status":"publish","type":"page","link":"https:\/\/www.dream-digital.info\/civ\/politique-de-confidentialite-de-dream-digital\/","title":{"rendered":"Politique de confidentialit\u00e9 de DREAM DIGITAL"},"content":{"rendered":"<p>DREAM DIGITAL sait que vous vous souciez de la mani\u00e8re dont les informations vous concernant sont utilis\u00e9es et partag\u00e9es, et nous appr\u00e9cions votre confiance dans le fait que nous le ferons avec soin et de mani\u00e8re raisonnable. Le pr\u00e9sent avis d\u00e9crit notre politique en mati\u00e8re de protection de la vie priv\u00e9e. Pour toute question relative \u00e0 la politique de confidentialit\u00e9, veuillez contacter le <a href=\"https:\/\/www.dream-digital.info\/civ\/contact\/\"><strong><u>service d&#8217;assistance de DREAM DIGITAL<\/u><\/strong><\/a>.<\/p>\n<h1>Quelles sont les informations personnelles que DREAM DIGITAL recueille sur ses clients ?<\/h1>\n<p><strong>\u00a0<\/strong><\/p>\n<p><strong>Les informations que vous nous communiquez :<\/strong><\/p>\n<p><strong>\u00a0<\/strong><\/p>\n<p>Nous recevons et conservons toutes les informations que vous saisissez sur notre site web ou que vous nous communiquez de toute autre mani\u00e8re. Nous utilisons les informations que vous nous fournissez pour r\u00e9pondre \u00e0 vos demandes, fournir nos services et communiquer avec vous.<\/p>\n<p>&nbsp;<\/p>\n<p><strong>Information automatique :<\/strong><\/p>\n<p><strong>\u00a0<\/strong><\/p>\n<p>Nous recevons et stockons certains types d&#8217;informations lorsque vous interagissez avec nous. Par exemple, comme de nombreux sites web, nous utilisons des &#8220;cookies&#8221; et nous obtenons certains types d&#8217;informations lorsque votre navigateur web acc\u00e8de \u00e0 nos sites. Parmi les informations que nous recueillons et analysons, citons l&#8217;adresse IP (Internet Protocol) utilis\u00e9e pour connecter votre ordinateur \u00e0 l&#8217;internet ; les informations relatives \u00e0 l&#8217;ordinateur et \u00e0 la connexion, telles que le type et la version du navigateur, le syst\u00e8me d&#8217;exploitation et la plate- forme ; le flux complet des clics vers, \u00e0 travers et \u00e0 partir de notre site web, y compris la date et l&#8217;heure. Nous utilisons les adresses IP pour analyser les tendances, administrer le site, suivre les mouvements des utilisateurs et recueillir des informations d\u00e9mographiques g\u00e9n\u00e9rales \u00e0 des fins d&#8217;utilisation globale.<\/p>\n<h1>Qu&#8217;en est-il des cookies ?<\/h1>\n<p><strong>\u00a0<\/strong><\/p>\n<p>Les cookies sont des identifiants alphanum\u00e9riques que nous transf\u00e9rons sur le disque dur de votre ordinateur par le biais de votre navigateur Internet pour permettre \u00e0 nos syst\u00e8mes de reconna\u00eetre votre navigateur. Outre l&#8217;utilisation des informations telle que d\u00e9crite ci-dessus, DREAM DIGITAL utilise des cookies pour contr\u00f4ler le flux des processus de commande en conservant l&#8217;\u00e9tat de vos transactions en ligne. Certains de nos partenaires commerciaux peuvent utiliser des cookies sur notre site (par exemple, les annonceurs). Cependant, nous n&#8217;avons aucun acc\u00e8s ou contr\u00f4le sur ces cookies.<\/p>\n<h1>DREAM DIGITAL partage-t-elle les informations qu&#8217;elle re\u00e7oit ?<\/h1>\n<p><strong>\u00a0<\/strong><\/p>\n<p>Oui, nous partageons des informations, mais uniquement dans les conditions d\u00e9crites ci- dessous. Par ailleurs, nous ne communiquerons pas vos informations personnelles sans votre consentement.<\/p>\n<p>&nbsp;<\/p>\n<p><strong>WHOIS :<\/strong><\/p>\n<p><strong>\u00a0<\/strong><\/p>\n<p>L&#8217;Internet Corporation for Assigned Names and Numbers (&#8220;ICANN&#8221;), l&#8217;organisation qui assume la responsabilit\u00e9 de l&#8217;attribution des noms de domaine, nous demande de recueillir des informations vous concernant au cours de la proc\u00e9dure d&#8217;enregistrement d&#8217;un nom de domaine. Ces informations comprennent votre nom complet, votre adresse postale, votre num\u00e9ro de t\u00e9l\u00e9phone, votre adresse \u00e9lectronique et, le cas \u00e9ch\u00e9ant, votre num\u00e9ro de t\u00e9l\u00e9copie. L&#8217;ICANN demande ensuite \u00e0 tous les bureaux d&#8217;enregistrement de mettre \u00e0 disposition votre nom complet, votre adresse postale, votre num\u00e9ro de t\u00e9l\u00e9phone, votre adresse \u00e9lectronique et, le cas \u00e9ch\u00e9ant, votre num\u00e9ro de t\u00e9l\u00e9copie.<\/p>\n<p>&nbsp;<\/p>\n<p>Le site Web de l&#8217;OMPI contient le num\u00e9ro de t\u00e9l\u00e9phone, l&#8217;adresse \u00e9lectronique et, le cas \u00e9ch\u00e9ant, le num\u00e9ro de t\u00e9l\u00e9copie, ainsi que les dates de cr\u00e9ation et d&#8217;expiration de l&#8217;enregistrement de votre nom de domaine et les informations relatives au serveur de noms associ\u00e9 \u00e0 votre nom de domaine, qui sont mis \u00e0 la disposition du public par l&#8217;interm\u00e9diaire d&#8217;une page Web interactive et d&#8217;un service WHOIS &#8220;port 43 ? WHOIS. Aux fins du pr\u00e9sent avis de confidentialit\u00e9, ces informations sont appel\u00e9es &#8220;informations WHOIS&#8221;. Veuillez noter que nous ne pouvons pas contr\u00f4ler la mani\u00e8re dont les membres du public peuvent utiliser les informations WHOIS.<\/p>\n<p>&nbsp;<\/p>\n<p><strong>Annonceurs :<\/strong><\/p>\n<p><strong>\u00a0<\/strong><\/p>\n<p>Nous partagerons des informations d\u00e9mographiques agr\u00e9g\u00e9es avec nos partenaires et annonceurs. Ces informations ne sont pas li\u00e9es \u00e0 des informations personnelles permettant d&#8217;identifier une personne.<\/p>\n<p>&nbsp;<\/p>\n<p><strong>Transfert d&#8217;entreprise :<\/strong><\/p>\n<p><strong>\u00a0<\/strong><\/p>\n<p>Dans le cadre du d\u00e9veloppement de nos activit\u00e9s, nous pouvons \u00eatre amen\u00e9s \u00e0 vendre ou \u00e0 acheter des entreprises ou leurs actifs. Dans le cadre de telles transactions, les informations relatives aux clients font g\u00e9n\u00e9ralement partie des actifs commerciaux transf\u00e9r\u00e9s. De m\u00eame, si DREAM DIGITAL ou l&#8217;ensemble ou la quasi-totalit\u00e9 de ses actifs venaient \u00e0 \u00eatre acquis, les informations relatives aux clients feraient bien entendu partie des actifs transf\u00e9r\u00e9s.<\/p>\n<p>&nbsp;<\/p>\n<p><strong>Conformit\u00e9 :<\/strong><\/p>\n<p><strong>\u00a0<\/strong><\/p>\n<p>Nous divulguons les informations relatives aux comptes et autres informations personnelles lorsque nous estimons qu&#8217;il est appropri\u00e9 de le faire pour se conformer \u00e0 la loi, faire respecter ou appliquer notre contrat de services et autres accords, ou prot\u00e9ger les droits, la propri\u00e9t\u00e9 ou la s\u00e9curit\u00e9 de DREAM DIGITAL, de nos utilisateurs ou d&#8217;autres personnes. Cela inclut l&#8217;\u00e9change d&#8217;informations avec d&#8217;autres soci\u00e9t\u00e9s et organisations pour la protection contre la fraude et la r\u00e9duction du risque de cr\u00e9dit.<\/p>\n<h1>Dans quelle mesure les informations me concernant sont-elles s\u00e9curis\u00e9es ?<\/h1>\n<p><strong>\u00a0<\/strong><\/p>\n<ul>\n<li>Nous nous effor\u00e7ons de prot\u00e9ger la s\u00e9curit\u00e9 de vos informations pendant leur transmission en utilisant un logiciel SSL (Secure Sockets Layer), qui crypte les informations que vous saisissez et celles que nous pouvons envoyer \u00e0 nos<\/li>\n<li>DREAM DIGITAL s&#8217;est donn\u00e9 beaucoup de mal pour s&#8217;assurer que vos informations sont obtenues en toute s\u00e9curit\u00e9 et conserv\u00e9es conform\u00e9ment au programme de s\u00e9curit\u00e9 des informations du titulaire de la carte. Par exemple, nous vous redirigeons vers la passerelle de paiement pour effectuer les paiements par carte de cr\u00e9dit et nous ne conservons pas les informations relatives \u00e0 votre carte de cr\u00e9dit.<\/li>\n<li>Il est important que vous vous prot\u00e9giez contre tout acc\u00e8s non autoris\u00e9 \u00e0 votre mot de passe et \u00e0 votre ordinateur. Veillez \u00e0 vous d\u00e9connecter lorsque vous avez fini d&#8217;utiliser un ordinateur partag\u00e9.<\/li>\n<\/ul>\n<h1>Quelles sont les informations auxquelles je peux acc\u00e9der ?<\/h1>\n<p><strong>\u00a0<\/strong><\/p>\n<p>DREAM DIGITAL vous donne acc\u00e8s \u00e0 certaines informations vous concernant dans le but<\/p>\n<p>&nbsp;<\/p>\n<p>limit\u00e9 de les consulter et, dans certains cas, de les mettre \u00e0 jour. Pour consulter ou modifier ces informations, connectez-vous \u00e0 votre compte. Lorsque vous mettez \u00e0 jour des informations, nous conservons g\u00e9n\u00e9ralement une copie de la version pr\u00e9c\u00e9dente pour nos archives.<\/p>\n<h1>Liens<\/h1>\n<p><strong>\u00a0<\/strong><\/p>\n<p>Les sites fournis par DREAM DIGITAL contiennent des liens vers d&#8217;autres sites. Veuillez noter que nous ne sommes pas responsables des pratiques de ces autres sites en mati\u00e8re de protection de la vie priv\u00e9e. Nous encourageons nos utilisateurs \u00e0 \u00eatre attentifs lorsqu&#8217;ils quittent notre site et \u00e0 lire les d\u00e9clarations de confidentialit\u00e9 de chaque site web qui recueille des informations personnellement identifiables. Cette d\u00e9claration de confidentialit\u00e9 s&#8217;applique uniquement aux informations collect\u00e9es par ce site web.<\/p>\n<h1>Les enfants<\/h1>\n<p><strong>\u00a0<\/strong><\/p>\n<p>DREAM DIGITAL ne vend pas de services destin\u00e9s aux enfants. Si vous avez moins de 18 ans, vous ne pouvez utiliser nos services qu&#8217;avec la participation d&#8217;un parent ou d&#8217;un tuteur.<\/p>\n<h1>Conditions d&#8217;utilisation, avis et r\u00e9visions<\/h1>\n<p><strong>\u00a0<\/strong><\/p>\n<p>Si vous choisissez de visiter DREAM DIGITAL, votre visite et tout litige relatif \u00e0 la protection de la vie priv\u00e9e sont soumis au pr\u00e9sent avis et \u00e0 nos conditions g\u00e9n\u00e9rales, notamment en ce qui concerne la limitation des dommages, l&#8217;arbitrage des litiges et l&#8217;application de la l\u00e9gislation de l&#8217;\u00c9tat de Washington. Nos activit\u00e9s \u00e9voluent constamment. Le pr\u00e9sent avis et les conditions g\u00e9n\u00e9rales changeront \u00e9galement, et l&#8217;utilisation des informations que nous recueillons maintenant est soumise \u00e0 l&#8217;avis de confidentialit\u00e9 en vigueur au moment de l&#8217;utilisation. Nous pouvons envoyer par courrier \u00e9lectronique des rappels p\u00e9riodiques de nos avis et conditions, sauf si vous nous avez demand\u00e9 de ne pas le faire, mais nous vous conseillons de consulter fr\u00e9quemment notre site web pour prendre connaissance des changements r\u00e9cents.<\/p>\n","protected":false},"excerpt":{"rendered":"<p>DREAM DIGITAL sait que vous vous souciez de la mani\u00e8re dont les informations vous concernant sont utilis\u00e9es et partag\u00e9es, et nous appr\u00e9cions votre confiance dans le fait que nous le ferons avec soin et de mani\u00e8re raisonnable. Le pr\u00e9sent avis d\u00e9crit notre politique en mati\u00e8re de protection de la vie priv\u00e9e. Pour toute question relative [&hellip;]<\/p>\n","protected":false},"author":1,"featured_media":0,"parent":0,"menu_order":0,"comment_status":"closed","ping_status":"closed","template":"elementor_theme","meta":{"footnotes":""},"class_list":["post-10598","page","type-page","status-publish","hentry"],"_links":{"self":[{"href":"https:\/\/www.dream-digital.info\/civ\/wp-json\/wp\/v2\/pages\/10598","targetHints":{"allow":["GET"]}}],"collection":[{"href":"https:\/\/www.dream-digital.info\/civ\/wp-json\/wp\/v2\/pages"}],"about":[{"href":"https:\/\/www.dream-digital.info\/civ\/wp-json\/wp\/v2\/types\/page"}],"author":[{"embeddable":true,"href":"https:\/\/www.dream-digital.info\/civ\/wp-json\/wp\/v2\/users\/1"}],"replies":[{"embeddable":true,"href":"https:\/\/www.dream-digital.info\/civ\/wp-json\/wp\/v2\/comments?post=10598"}],"version-history":[{"count":2,"href":"https:\/\/www.dream-digital.info\/civ\/wp-json\/wp\/v2\/pages\/10598\/revisions"}],"predecessor-version":[{"id":10600,"href":"https:\/\/www.dream-digital.info\/civ\/wp-json\/wp\/v2\/pages\/10598\/revisions\/10600"}],"wp:attachment":[{"href":"https:\/\/www.dream-digital.info\/civ\/wp-json\/wp\/v2\/media?parent=10598"}],"curies":[{"name":"wp","href":"https:\/\/api.w.org\/{rel}","templated":true}]}}